{"id":856,"date":"2017-11-03T21:43:29","date_gmt":"2017-11-03T20:43:29","guid":{"rendered":"https:\/\/berthet-vins.site\/product\/chatelard-villette-70cl\/"},"modified":"2024-02-21T20:59:32","modified_gmt":"2024-02-21T19:59:32","slug":"chatelard-villette-75cl","status":"publish","type":"product","link":"http:\/\/berthet-vins.ch\/de\/shop\/chatelard-villette-75cl\/","title":{"rendered":"Ch\u00e2telard, Villette 2022"},"content":{"rendered":"<p>[et_pb_section fb_built=&#8220;1&#8243; theme_builder_area=&#8220;post_content&#8220; _builder_version=&#8220;4.24.2&#8243; _module_preset=&#8220;default&#8220;][\/et_pb_section]<\/p>\n","protected":false},"excerpt":{"rendered":"<p>Lavaux AOC<\/p>\n<p>Weisswein<\/p>\n<p>75 cl &#8211; Anrollverschluss<\/p>\n","protected":false},"featured_media":854,"template":"","meta":{"_et_pb_use_builder":"off","_et_pb_old_content":"<div class=\"pa_content\">\n<div class=\"rte\">\n<h3>Die Rebsorte<\/h3>\nDie ausschliesslich am Genfersee und im Rh\u00f4ne-Tal verbreitete <strong><a href=\"\/vignoble#cepages-blancs\">Chasselas-Traube<\/a><\/strong> gedeiht an den steilen H\u00e4ngen und exponierten Terrassen perfekt. Sie z\u00e4hlt zur meistangebauten Rebsorte im Lavaux. Nach der Lese werden die Trauben zu einem hervorragenden Weisswein erster Klasse verarbeitet, aus dem Sie die Besonderheiten seines Anbaugebietes herausschmecken.\n<h3>Der Wein<\/h3>\nDer typische Duft dieser sehr blumig riechenden Rebsorte erinnert an einen bl\u00fchenden Lindenbaum. Erg\u00e4nzt wird er durch eine fruchtige und mineralische Note. Im Mund entfaltet sich der erdige, tonige Geschmack des Bodens: ausgewogene Struktur am Gaumen, lang anhaltend im Mund und ein angenehmer, leicht bitterer Geschmack.\n<h3>Serviertemperatur<\/h3>\n10 bis 12 \u00b0C\n<h3>Empfehlung<\/h3>\nAls Aperitif eignet sich dieser gesellige Wein vor allem f\u00fcr K\u00e4segerichte. Ausserdem passt er sehr gut zu S\u00fcsswasserfischgerichten.\n<h3>Ideale Reifezeit<\/h3>\n1 bis 2 Jahre\n<h3>Verpackung<\/h3>\nFlasche 75 cl, Anrollverschluss\n\n<\/div>\n<\/div>","_et_gb_content_width":""},"product_brand":[],"product_cat":[209],"product_tag":[123,121,127,125],"class_list":{"0":"post-856","1":"product","2":"type-product","3":"status-publish","4":"has-post-thumbnail","6":"product_cat-weissweine","7":"product_tag-chasselas-de","8":"product_tag-chatelard-de","9":"product_tag-lavaux-de","10":"product_tag-villette-de","12":"first","13":"instock","14":"shipping-taxable","15":"purchasable","16":"product-type-simple"},"_links":{"self":[{"href":"http:\/\/berthet-vins.ch\/de\/wp-json\/wp\/v2\/product\/856","targetHints":{"allow":["GET"]}}],"collection":[{"href":"http:\/\/berthet-vins.ch\/de\/wp-json\/wp\/v2\/product"}],"about":[{"href":"http:\/\/berthet-vins.ch\/de\/wp-json\/wp\/v2\/types\/product"}],"wp:featuredmedia":[{"embeddable":true,"href":"http:\/\/berthet-vins.ch\/de\/wp-json\/wp\/v2\/media\/854"}],"wp:attachment":[{"href":"http:\/\/berthet-vins.ch\/de\/wp-json\/wp\/v2\/media?parent=856"}],"wp:term":[{"taxonomy":"product_brand","embeddable":true,"href":"http:\/\/berthet-vins.ch\/de\/wp-json\/wp\/v2\/product_brand?post=856"},{"taxonomy":"product_cat","embeddable":true,"href":"http:\/\/berthet-vins.ch\/de\/wp-json\/wp\/v2\/product_cat?post=856"},{"taxonomy":"product_tag","embeddable":true,"href":"http:\/\/berthet-vins.ch\/de\/wp-json\/wp\/v2\/product_tag?post=856"}],"curies":[{"name":"wp","href":"https:\/\/api.w.org\/{rel}","templated":true}]}}