{"id":865,"date":"2017-11-05T17:30:08","date_gmt":"2017-11-05T16:30:08","guid":{"rendered":"https:\/\/berthet-vins.site\/product\/chatelard-villette-50cl-2\/"},"modified":"2024-02-19T19:24:50","modified_gmt":"2024-02-19T18:24:50","slug":"chatelard-villette-50cl","status":"publish","type":"product","link":"http:\/\/berthet-vins.ch\/de\/shop\/chatelard-villette-50cl\/","title":{"rendered":"Ch\u00e2telard, Villette 50cl"},"content":{"rendered":"<div class=\"pa_content\">\n<div class=\"rte\">\n<h3>Die Rebsorte<\/h3>\n<p>Die ausschliesslich am Genfersee und im Rh\u00f4ne-Tal verbreitete Chasselas-Traube gedeiht an den steilen H\u00e4ngen und exponierten Terrassen perfekt. Sie z\u00e4hlt zur meistangebauten Rebsorte im <strong><a href=\"\/de\/lavaux\/\">Lavaux<\/a><\/strong>. Nach der Lese werden die Trauben zu einem hervorragenden Weisswein erster Klasse verarbeitet, aus dem Sie die Besonderheiten seines Anbaugebietes herausschmecken.<\/p>\n<h3>Der Wein<\/h3>\n<p>Der typische Duft dieser sehr blumig riechenden Rebsorte erinnert an einen bl\u00fchenden Lindenbaum. Erg\u00e4nzt wird er durch eine fruchtige und mineralische Note.<\/p>\n<p>Im Mund entfaltet sich der erdige, tonige Geschmack des Bodens: ausgewogene Struktur am Gaumen, lang anhaltend im Mund und ein angenehmer, leicht bitterer Geschmack.<\/p>\n<h3>Serviertemperatur<\/h3>\n<p>10 bis 12 \u00b0C<\/p>\n<h3>Empfehlung<\/h3>\n<p>Als Aperitif eignet sich dieser gesellige Wein vor allem f\u00fcr K\u00e4segerichte. Ausserdem passt er sehr gut zu S\u00fcsswasserfischgerichten.<\/p>\n<h3>Ideale Reifezeit<\/h3>\n<p>1 bis 2 Jahre<\/p>\n<h3>Verpackung<\/h3>\n<p>Flasche 50 cl, Anrollverschluss<\/p>\n<\/div>\n<\/div>\n","protected":false},"excerpt":{"rendered":"<p>Lavaux AOC<\/p>\n<p>Wei\u00dfwein<\/p>\n<p>50 cl &#8211; Schraubkapsel<\/p>\n","protected":false},"featured_media":864,"template":"","meta":{"_et_pb_use_builder":"off","_et_pb_old_content":"<div class=\"pa_content\">\r\n<div class=\"rte\">\r\n<h3>Die Rebsorte<\/h3>\r\nDie ausschliesslich am Genfersee und im Rh\u00f4ne-Tal verbreitete <strong><a href=\"fr\/domaine\/vignoble\">Chasselas-Traube<\/a><\/strong> gedeiht an den steilen H\u00e4ngen und exponierten Terrassen perfekt. Sie z\u00e4hlt zur meistangebauten Rebsorte im Lavaux. Nach der Lese werden die Trauben zu einem hervorragenden Weisswein erster Klasse verarbeitet, aus dem Sie die Besonderheiten seines Anbaugebietes herausschmecken.\r\n<h3>Der Wein<\/h3>\r\nDer typische Duft dieser sehr blumig riechenden Rebsorte erinnert an einen bl\u00fchenden Lindenbaum. Erg\u00e4nzt wird er durch eine fruchtige und mineralische Note.\r\n\r\nIm Mund entfaltet sich der erdige, tonige Geschmack des Bodens: ausgewogene Struktur am Gaumen, lang anhaltend im Mund und ein angenehmer, leicht bitterer Geschmack.\r\n<h3>Serviertemperatur<\/h3>\r\n10 bis 12 \u00b0C\r\n<h3>Empfehlung<\/h3>\r\nAls Aperitif eignet sich dieser gesellige Wein vor allem f\u00fcr K\u00e4segerichte. Ausserdem passt er sehr gut zu S\u00fcsswasserfischgerichten.\r\n<h3>Ideale Reifezeit<\/h3>\r\n1 bis 2 Jahre\r\n<h3>Verpackung<\/h3>\r\nFlasche 50 cl, Anrollverschluss\r\n\r\n<\/div>\r\n<\/div>","_et_gb_content_width":""},"product_brand":[],"product_cat":[209],"product_tag":[123,121,127,125],"class_list":{"0":"post-865","1":"product","2":"type-product","3":"status-publish","4":"has-post-thumbnail","6":"product_cat-weissweine","7":"product_tag-chasselas-de","8":"product_tag-chatelard-de","9":"product_tag-lavaux-de","10":"product_tag-villette-de","12":"first","13":"instock","14":"shipping-taxable","15":"purchasable","16":"product-type-simple"},"_links":{"self":[{"href":"http:\/\/berthet-vins.ch\/de\/wp-json\/wp\/v2\/product\/865","targetHints":{"allow":["GET"]}}],"collection":[{"href":"http:\/\/berthet-vins.ch\/de\/wp-json\/wp\/v2\/product"}],"about":[{"href":"http:\/\/berthet-vins.ch\/de\/wp-json\/wp\/v2\/types\/product"}],"wp:featuredmedia":[{"embeddable":true,"href":"http:\/\/berthet-vins.ch\/de\/wp-json\/wp\/v2\/media\/864"}],"wp:attachment":[{"href":"http:\/\/berthet-vins.ch\/de\/wp-json\/wp\/v2\/media?parent=865"}],"wp:term":[{"taxonomy":"product_brand","embeddable":true,"href":"http:\/\/berthet-vins.ch\/de\/wp-json\/wp\/v2\/product_brand?post=865"},{"taxonomy":"product_cat","embeddable":true,"href":"http:\/\/berthet-vins.ch\/de\/wp-json\/wp\/v2\/product_cat?post=865"},{"taxonomy":"product_tag","embeddable":true,"href":"http:\/\/berthet-vins.ch\/de\/wp-json\/wp\/v2\/product_tag?post=865"}],"curies":[{"name":"wp","href":"https:\/\/api.w.org\/{rel}","templated":true}]}}