{"id":11,"date":"2017-11-05T17:59:33","date_gmt":"2017-11-05T16:59:33","guid":{"rendered":"https:\/\/berthet-vins.site\/product\/galaurus-assemblage-140cl\/"},"modified":"2025-08-20T08:55:57","modified_gmt":"2025-08-20T06:55:57","slug":"galaurus-assemblage-150cl","status":"publish","type":"product","link":"http:\/\/berthet-vins.ch\/fr\/nos-vins\/galaurus-assemblage-150cl\/","title":{"rendered":"Galaurus, Villette Grand cru, 2022"},"content":{"rendered":"<div class=\"pa_content\">\n<div class=\"rte\">\n<div class=\"pa_content\">\n<div class=\"rte\">\n<div class=\"pa_content\">\n<div class=\"rte\">\n<div class=\"pa_content\">\n<div class=\"rte\">\n<div class=\"pa_content\">\n<div class=\"rte\">\n<h3>Les c\u00e9pages:<\/h3>\n<p><a href=\"\/vignoble#cepages-rouges\"><strong>Cabernet\u00a0dorsa<\/strong><\/a><strong>,\u00a0<a href=\"\/vignoble#cepages-rouges\">Saint-Laurent<\/a>\u00a0<\/strong>et\u00a0<a href=\"\/vignoble#cepages-rouges\"><strong>Galotta<\/strong><\/a> (Gamay et Ancellota), issus de vignes \u00e0 faible rendement. Le vin est \u00e9lev\u00e9 une ann\u00e9e en f\u00fbts de ch\u00eane de 225 litres.<\/p>\n<h3>Le vin:<\/h3>\n<p>Cet assemblage de trois c\u00e9pages r\u00e9v\u00e8le une robe rouge intense agr\u00e9ment\u00e9e de reflets bordeaux.<\/p>\n<p>Puissant et complexe, son nez s\u2019exprime par des notes fruit\u00e9es et bois\u00e9es comme le cassis, la m\u00fbre, la griotte, le ch\u00eane ou le bois de santal. Cacao, vanille, noisette et tabac brun compl\u00e8tent un nez richement dot\u00e9 o\u00f9 pointent encore des facettes d\u2019orange et de tourbe.<\/p>\n<p>Une discr\u00e8te amertume souligne une bouche puissante et concentr\u00e9e dot\u00e9e d\u2019une longue persistance aromatique.<\/p>\n<h3>T\u00b0 de service:<\/h3>\n<p>14 \u00e0 18 \u00b0C<\/p>\n<h3>Accords:<\/h3>\n<p>Viandes rouges, chasse, fromages forts.<\/p>\n<h3>Maturit\u00e9 id\u00e9ale:<\/h3>\n<p>3 \u00e0 5 ans<\/p>\n<h3>Conditionnement:<\/h3>\n<p>Bouteille 150 cl, bouchon li\u00e8ge<\/p>\n<\/div>\n<\/div>\n<\/div>\n<\/div>\n<\/div>\n<\/div>\n<\/div>\n<\/div>\n<\/div>\n<\/div>\n","protected":false},"excerpt":{"rendered":"<p>MAGNUM<\/p>\n<p>Lavaux AOC<\/p>\n<p>Vin rouge<\/p>\n<p>150 cl &#8211; bouchon li\u00e8ge<\/p>\n","protected":false},"featured_media":906,"template":"","meta":{"_et_pb_use_builder":"","_et_pb_old_content":"","_et_gb_content_width":""},"product_brand":[],"product_cat":[55],"product_tag":[93,94,99,95,92,96,75,60,102,98,97,59],"class_list":{"0":"post-11","1":"product","2":"type-product","3":"status-publish","4":"has-post-thumbnail","6":"product_cat-vins-rouges","7":"product_tag-assemblage","8":"product_tag-cabernet","9":"product_tag-complexe","10":"product_tag-dorsa","11":"product_tag-galaurus","12":"product_tag-galotta","13":"product_tag-grand-cru","14":"product_tag-lavaux","15":"product_tag-pot-vaudois-1822","16":"product_tag-puissant","17":"product_tag-saint-laurent","18":"product_tag-villette","20":"first","21":"instock","22":"shipping-taxable","23":"purchasable","24":"product-type-simple"},"_links":{"self":[{"href":"http:\/\/berthet-vins.ch\/fr\/wp-json\/wp\/v2\/product\/11","targetHints":{"allow":["GET"]}}],"collection":[{"href":"http:\/\/berthet-vins.ch\/fr\/wp-json\/wp\/v2\/product"}],"about":[{"href":"http:\/\/berthet-vins.ch\/fr\/wp-json\/wp\/v2\/types\/product"}],"wp:featuredmedia":[{"embeddable":true,"href":"http:\/\/berthet-vins.ch\/fr\/wp-json\/wp\/v2\/media\/906"}],"wp:attachment":[{"href":"http:\/\/berthet-vins.ch\/fr\/wp-json\/wp\/v2\/media?parent=11"}],"wp:term":[{"taxonomy":"product_brand","embeddable":true,"href":"http:\/\/berthet-vins.ch\/fr\/wp-json\/wp\/v2\/product_brand?post=11"},{"taxonomy":"product_cat","embeddable":true,"href":"http:\/\/berthet-vins.ch\/fr\/wp-json\/wp\/v2\/product_cat?post=11"},{"taxonomy":"product_tag","embeddable":true,"href":"http:\/\/berthet-vins.ch\/fr\/wp-json\/wp\/v2\/product_tag?post=11"}],"curies":[{"name":"wp","href":"https:\/\/api.w.org\/{rel}","templated":true}]}}