{"id":870,"date":"2017-11-05T17:31:22","date_gmt":"2017-11-05T16:31:22","guid":{"rendered":"https:\/\/berthet-vins.site\/product\/pinot-noir\/"},"modified":"2026-01-12T17:36:04","modified_gmt":"2026-01-12T16:36:04","slug":"pinot-noir","status":"publish","type":"product","link":"http:\/\/berthet-vins.ch\/fr\/nos-vins\/pinot-noir\/","title":{"rendered":"Pinot noir, Villette 2023"},"content":{"rendered":"<div class=\"pa_content\">\n<div class=\"rte\">\n<div class=\"pa_content\">\n<div class=\"rte\">\n<h3>Le c\u00e9page:<\/h3>\n<p>C\u00e9page \u00e0 l&rsquo;origine des vins rouges de Bourgogne, le <a href=\"\/vignoble#cepages-rouges\"><strong>Pinot Noir<\/strong><\/a> est maintenant pr\u00e9sent dans de nombreuses r\u00e9gions. Le type de vin varie fortement en fonction du climat, du cultivateur ou du vinificateur. A l&rsquo;inverse de certains c\u00e9pages expressifs qui parlent d&#8217;embl\u00e9e \u00e0 l&rsquo;esprit, le Pinot Noir vous charmera par sa sensualit\u00e9 et sa subtilit\u00e9. Boire du Pinot Noir, c&rsquo;est pr\u00e9f\u00e9rer l&rsquo;\u00e9l\u00e9gance au muscle, la classe \u00e0 la force brute !<\/p>\n<h3>Le vin:<\/h3>\n<p>Les reflets grenat qui accompagnent la robe rouge discr\u00e8te de ce Pinot noir pr\u00e9sagent d\u2019une belle finesse aromatique. Des notes \u00e9pic\u00e9es de geni\u00e8vre et de muscade s\u2019entrem\u00ealent \u00e0 d\u2019autres plus fruit\u00e9es comme la griotte, l\u2019olive noire et le cassis. Des touches de caf\u00e9 et de sous-bois compl\u00e8tent son bouquet avant de laisser place \u00e0 une bouche structur\u00e9e par des tanins \u00e9l\u00e9gants se terminant sur une l\u00e9g\u00e8re salinit\u00e9.<\/p>\n<h3>T\u00b0 de service:<\/h3>\n<p>14 \u00e0 18 \u00b0C<\/p>\n<h3>Accords:<\/h3>\n<p>Volailles, viandes rouges, viande s\u00e9ch\u00e9e, saucisse \u00e0 l&rsquo;ail, terrines, p\u00e2tes, fromages \u00e0 p\u00e2te mi-dure et fromages d&rsquo;alpage.<\/p>\n<h3>Maturit\u00e9 id\u00e9ale:<\/h3>\n<p>2 \u00e0 3 ans<\/p>\n<h3>Conditionnement:<\/h3>\n<p>Bouteille 75 cl, fermeture li\u00e8ge (DIAM)<\/p>\n<\/div>\n<\/div>\n<\/div>\n<\/div>\n","protected":false},"excerpt":{"rendered":"<p>Lavaux AOC<\/p>\n<p>Vin rouge<\/p>\n<p>75 cl &#8211; bouchon li\u00e8ge (Diam)<\/p>\n","protected":false},"featured_media":867,"template":"","meta":{"_et_pb_use_builder":"","_et_pb_old_content":"","_et_gb_content_width":""},"product_brand":[],"product_cat":[55],"product_tag":[63,66,60,65,62,59,67],"class_list":{"0":"post-870","1":"product","2":"type-product","3":"status-publish","4":"has-post-thumbnail","6":"product_cat-vins-rouges","7":"product_tag-aromes","8":"product_tag-finesse","9":"product_tag-lavaux","10":"product_tag-pinot-noir","11":"product_tag-robe","12":"product_tag-villette","13":"product_tag-vin-rouge","15":"first","16":"instock","17":"shipping-taxable","18":"purchasable","19":"product-type-simple"},"_links":{"self":[{"href":"http:\/\/berthet-vins.ch\/fr\/wp-json\/wp\/v2\/product\/870","targetHints":{"allow":["GET"]}}],"collection":[{"href":"http:\/\/berthet-vins.ch\/fr\/wp-json\/wp\/v2\/product"}],"about":[{"href":"http:\/\/berthet-vins.ch\/fr\/wp-json\/wp\/v2\/types\/product"}],"wp:featuredmedia":[{"embeddable":true,"href":"http:\/\/berthet-vins.ch\/fr\/wp-json\/wp\/v2\/media\/867"}],"wp:attachment":[{"href":"http:\/\/berthet-vins.ch\/fr\/wp-json\/wp\/v2\/media?parent=870"}],"wp:term":[{"taxonomy":"product_brand","embeddable":true,"href":"http:\/\/berthet-vins.ch\/fr\/wp-json\/wp\/v2\/product_brand?post=870"},{"taxonomy":"product_cat","embeddable":true,"href":"http:\/\/berthet-vins.ch\/fr\/wp-json\/wp\/v2\/product_cat?post=870"},{"taxonomy":"product_tag","embeddable":true,"href":"http:\/\/berthet-vins.ch\/fr\/wp-json\/wp\/v2\/product_tag?post=870"}],"curies":[{"name":"wp","href":"https:\/\/api.w.org\/{rel}","templated":true}]}}