{"id":889,"date":"2017-11-05T17:45:54","date_gmt":"2017-11-05T16:45:54","guid":{"rendered":"https:\/\/berthet-vins.site\/product\/doral\/"},"modified":"2025-06-20T14:34:17","modified_gmt":"2025-06-20T12:34:17","slug":"doral","status":"publish","type":"product","link":"http:\/\/berthet-vins.ch\/fr\/nos-vins\/doral\/","title":{"rendered":"Doral, Villette Grand cru, 2024"},"content":{"rendered":"<div class=\"pa_content\">\n<div class=\"rte\">\n<div class=\"pa_content\">\n<div class=\"rte\">\n<div class=\"pa_content\">\n<div class=\"rte\">\n<div class=\"pa_content\">\n<div class=\"rte\">\n<h3>Le c\u00e9page:<\/h3>\n<p>Le <a href=\"\/vignoble#cepages-blancs\"><strong>Doral<\/strong><\/a> est issu d&rsquo;un croisement de Chasselas et de Chardonnay. Plut\u00f4t pr\u00e9coce, ce c\u00e9page est parfaitement adapt\u00e9 \u00e0 notre r\u00e9gion, o\u00f9 il donne des mo\u00fbts riches en sucre avec une acidit\u00e9 sup\u00e9rieure \u00e0 celle du Chasselas. Le vin est \u00e9lev\u00e9 une ann\u00e9e en f\u00fbts de ch\u00eane de 225 litres.<\/p>\n<h3>Le vin:<\/h3>\n<p>Ce Doral r\u00e9v\u00e8le une robe jaune p\u00e2le aux reflets finement dor\u00e9s.<\/p>\n<p>Il exhale un bouquet intense domin\u00e9 par des parfums \u00e0 la fois fruit\u00e9s et \u00e9pic\u00e9s. D\u00e9butant par des notes de mirabelle, de figue, d\u2019ananas et de vanille, le nez laisse alors place \u00e0 de jolies facettes de bergamote, de beurre frais et de chocolat au lait.<\/p>\n<p>Sa bouche d\u2019abord souple puis ample est accompagn\u00e9e d\u2019une pointe d\u2019acidit\u00e9 harmonieuse et se prolonge par une longue persistance aux ar\u00f4mes fruit\u00e9, \u00e9pic\u00e9s et bois\u00e9s.<\/p>\n<h3>T\u00b0 de service:<\/h3>\n<p>10 \u00e0 12 \u00b0C<\/p>\n<h3>Les accords:<\/h3>\n<p>Entr\u00e9es, poissons fum\u00e9s, crustac\u00e9s, fruits de mer.<\/p>\n<h3>Maturit\u00e9 id\u00e9ale:<\/h3>\n<p>2 \u00e0 3 ans<\/p>\n<h3>Conditionnement:<\/h3>\n<p>Bouteille 75 cl, bouchon li\u00e8ge (DIAM)<\/p>\n<\/div>\n<\/div>\n<\/div>\n<\/div>\n<\/div>\n<\/div>\n<\/div>\n<\/div>\n","protected":false},"excerpt":{"rendered":"<p>Lavaux AOC<\/p>\n<p>Vin blanc<\/p>\n<p>75 cl &#8211; bouchon li\u00e8ge (DIAM)<\/p>\n","protected":false},"featured_media":886,"template":"","meta":{"_et_pb_use_builder":"","_et_pb_old_content":"","_et_gb_content_width":""},"product_brand":[],"product_cat":[53],"product_tag":[82,81,58,80,84,76,75,83,60,59],"class_list":{"0":"post-889","1":"product","2":"type-product","3":"status-publish","4":"has-post-thumbnail","6":"product_cat-vins-blancs","7":"product_tag-bouquet","8":"product_tag-chardonnay","9":"product_tag-chasselas","10":"product_tag-doral","11":"product_tag-epice","12":"product_tag-fruite","13":"product_tag-grand-cru","14":"product_tag-intense","15":"product_tag-lavaux","16":"product_tag-villette","18":"first","19":"instock","20":"shipping-taxable","21":"purchasable","22":"product-type-simple"},"_links":{"self":[{"href":"http:\/\/berthet-vins.ch\/fr\/wp-json\/wp\/v2\/product\/889","targetHints":{"allow":["GET"]}}],"collection":[{"href":"http:\/\/berthet-vins.ch\/fr\/wp-json\/wp\/v2\/product"}],"about":[{"href":"http:\/\/berthet-vins.ch\/fr\/wp-json\/wp\/v2\/types\/product"}],"wp:featuredmedia":[{"embeddable":true,"href":"http:\/\/berthet-vins.ch\/fr\/wp-json\/wp\/v2\/media\/886"}],"wp:attachment":[{"href":"http:\/\/berthet-vins.ch\/fr\/wp-json\/wp\/v2\/media?parent=889"}],"wp:term":[{"taxonomy":"product_brand","embeddable":true,"href":"http:\/\/berthet-vins.ch\/fr\/wp-json\/wp\/v2\/product_brand?post=889"},{"taxonomy":"product_cat","embeddable":true,"href":"http:\/\/berthet-vins.ch\/fr\/wp-json\/wp\/v2\/product_cat?post=889"},{"taxonomy":"product_tag","embeddable":true,"href":"http:\/\/berthet-vins.ch\/fr\/wp-json\/wp\/v2\/product_tag?post=889"}],"curies":[{"name":"wp","href":"https:\/\/api.w.org\/{rel}","templated":true}]}}