{"id":2481,"date":"2020-07-31T19:35:26","date_gmt":"2020-07-31T17:35:26","guid":{"rendered":"https:\/\/berthet-vins.site\/geschichte\/"},"modified":"2023-03-11T18:40:34","modified_gmt":"2023-03-11T17:40:34","slug":"geschichte","status":"publish","type":"page","link":"https:\/\/berthet-vins.ch\/de\/geschichte\/","title":{"rendered":"Geschichte"},"content":{"rendered":"<p>[et_pb_section fb_built=&#8220;1&#8243; fullwidth=&#8220;on&#8220; custom_padding_last_edited=&#8220;on|phone&#8220; _builder_version=&#8220;4.16&#8243; background_image=&#8220;https:\/\/berthet-vins.ch\/wp-content\/uploads\/2020\/05\/Histoire_du_domaine_laurent_berthet.jpg&#8220; custom_padding=&#8220;270px||30px||false|false&#8220; custom_padding_tablet=&#8220;170px||30px||false|false&#8220; custom_padding_phone=&#8220;80px||10px||false|false&#8220; locked=&#8220;off&#8220; global_colors_info=&#8220;{}&#8220;][et_pb_fullwidth_header title=&#8220;Geschichte des Weinguts&#8220; admin_label=&#8220;Fullwidth Header &#8211; background image 1920 x 800px&#8220; _builder_version=&#8220;4.20.0&#8243; title_font=&#8220;Dorica Light|||||on|||&#8220; title_text_align=&#8220;center&#8220; title_font_size=&#8220;60px&#8220; subhead_text_align=&#8220;center&#8220; background_color=&#8220;rgba(255, 255, 255, 0)&#8220; background_enable_image=&#8220;off&#8220; parallax=&#8220;on&#8220; parallax_method=&#8220;on&#8220; global_colors_info=&#8220;{}&#8220; button_one_text_size__hover_enabled=&#8220;off&#8220; button_two_text_size__hover_enabled=&#8220;off&#8220; button_one_text_color__hover_enabled=&#8220;off&#8220; button_two_text_color__hover_enabled=&#8220;off&#8220; button_one_border_width__hover_enabled=&#8220;off&#8220; button_two_border_width__hover_enabled=&#8220;off&#8220; button_one_border_color__hover_enabled=&#8220;off&#8220; button_two_border_color__hover_enabled=&#8220;off&#8220; button_one_border_radius__hover_enabled=&#8220;off&#8220; button_two_border_radius__hover_enabled=&#8220;off&#8220; button_one_letter_spacing__hover_enabled=&#8220;off&#8220; button_two_letter_spacing__hover_enabled=&#8220;off&#8220; button_one_bg_color__hover_enabled=&#8220;off&#8220; button_two_bg_color__hover_enabled=&#8220;off&#8220;][\/et_pb_fullwidth_header][\/et_pb_section][et_pb_section fb_built=&#8220;1&#8243; _builder_version=&#8220;4.16&#8243; custom_padding=&#8220;||0px|&#8220; global_colors_info=&#8220;{}&#8220;][et_pb_row module_class=&#8220;dd-intro-text&#8220; _builder_version=&#8220;4.16&#8243; custom_padding=&#8220;||0px|&#8220; global_colors_info=&#8220;{}&#8220;][et_pb_column type=&#8220;4_4&#8243; _builder_version=&#8220;4.16&#8243; custom_padding=&#8220;|||&#8220; global_colors_info=&#8220;{}&#8220; custom_padding__hover=&#8220;|||&#8220;][et_pb_text _builder_version=&#8220;4.16&#8243; text_font=&#8220;|||on|||||&#8220; text_orientation=&#8220;center&#8220; global_colors_info=&#8220;{}&#8220;]<\/p>\n<h2>Geschichtliches<\/h2>\n<p>[\/et_pb_text][et_pb_text admin_label=&#8220;Text &#8211; Intro paragraph&#8220; _builder_version=&#8220;4.16&#8243; text_font_size=&#8220;20px&#8220; text_line_height=&#8220;2em&#8220; header_2_font=&#8220;|||on|||||&#8220; header_2_text_align=&#8220;center&#8220; text_orientation=&#8220;center&#8220; module_alignment=&#8220;center&#8220; custom_padding=&#8220;|100px||100px&#8220; custom_padding_tablet=&#8220;&#8220; custom_padding_phone=&#8220;|0px||0px&#8220; custom_padding_last_edited=&#8220;on|phone&#8220; global_colors_info=&#8220;{}&#8220;]Die Kellerei des Familienbetriebs liegt auf der Anh\u00f6he von Cully, einem historischen Dorf im Herzen der Region Lavaux.[\/et_pb_text][\/et_pb_column][\/et_pb_row][\/et_pb_section][et_pb_section fb_built=&#8220;1&#8243; module_class=&#8220;dd-timeline-section&#8220; _builder_version=&#8220;4.16&#8243; custom_padding=&#8220;9px|||||&#8220; global_colors_info=&#8220;{}&#8220;][et_pb_row module_class=&#8220;dd-timeline&#8220; _builder_version=&#8220;4.16&#8243; global_colors_info=&#8220;{}&#8220;][et_pb_column type=&#8220;4_4&#8243; _builder_version=&#8220;4.16&#8243; custom_padding=&#8220;|||&#8220; global_colors_info=&#8220;{}&#8220; custom_padding__hover=&#8220;|||&#8220;][et_pb_blurb title=&#8220;Jean-Pierre und die 70er Jahre&#8220; icon_placement=&#8220;left&#8220; image_icon_width=&#8220;200px&#8220; content_max_width=&#8220;500px&#8220; admin_label=&#8220;Blurb &#8211; blurb image 400 x 400px&#8220; module_class=&#8220;dd-timeline-event&#8220; _builder_version=&#8220;4.16&#8243; animation_direction=&#8220;left&#8220; animation=&#8220;off&#8220; hover_transition_speed_curve_tablet=&#8220;&#8220; hover_transition_speed_curve_phone=&#8220;ease-in-out&#8220; hover_transition_speed_curve_last_edited=&#8220;on|phone&#8220; image_max_width=&#8220;200px&#8220; global_colors_info=&#8220;{}&#8220;]Die Geschichte des Weinguts beginnt in den Siebzigerjahren: Jean-Pierre BERTHET, Laurents Grossvater, arbeitet als \u201eChef de Culture\u201c f\u00fcr ein grosses renommiertes Weingut in der Gegend und erwirbt den Weinberg von Ch\u00e2telard, der zum gesch\u00fctzten Herkunftsbereich Villette geh\u00f6rt. Bereits beim Anpflanzen der ersten Rebst\u00f6cke entscheidet er sich f\u00fcr die Drahtrahmenkultur, die damals in der Gegend eher selten zum Einsatz kommt.[\/et_pb_blurb][et_pb_blurb title=&#8220;Roger und die 90er Jahre&#8220; icon_placement=&#8220;left&#8220; image_icon_width=&#8220;200px&#8220; content_max_width=&#8220;500px&#8220; admin_label=&#8220;Blurb &#8211; blurb image 400 x 400px&#8220; module_class=&#8220;dd-timeline-event&#8220; _builder_version=&#8220;4.20.0&#8243; animation_direction=&#8220;right&#8220; animation=&#8220;off&#8220; hover_enabled=&#8220;0&#8243; image_max_width=&#8220;200px&#8220; global_colors_info=&#8220;{}&#8220; sticky_enabled=&#8220;0&#8243;]<\/p>\n<p>Sein Sohn Roger BERTHET setzt 1987 die Tradition fort. Er leitet die \u00dcbernahme des Hauses in Cully sowie der benachbarten Weinberge ein. Einige davon sind mit unserer ber\u00fchmten Rebsorte <a href=\"https:\/\/berthet-vins.ch\/de\/shop\/plant-robert\/\"><strong>Plant Robert<\/strong><\/a> bepflanzt, von der er die ersten Flaschen abf\u00fcllt. Im Laufe der Zeit ver\u00e4ndern sich die Anbautechniken, sie gehen zunehmend in die Richtung eines integrierten Anbaus.<\/p>\n<p>[\/et_pb_blurb][et_pb_blurb title=&#8220;Laurent und der Beginn des 21. Jahrhunderts&#8220; image=&#8220;https:\/\/berthet-vins.ch\/wp-content\/uploads\/2020\/06\/Laurent_berthet.jpg&#8220; icon_placement=&#8220;left&#8220; image_icon_width=&#8220;200px&#8220; content_max_width=&#8220;500px&#8220; admin_label=&#8220;Blurb &#8211; blurb image 400 x 400px&#8220; module_class=&#8220;dd-timeline-event&#8220; _builder_version=&#8220;4.16&#8243; animation_direction=&#8220;right&#8220; animation=&#8220;off&#8220; image_max_width=&#8220;200px&#8220; global_colors_info=&#8220;{}&#8220;]Im Jahr 2004 \u00fcbernimmt Laurent BERTHET das Weingut, und kurze Zeit sp\u00e4ter wird auf dem Familiensitz selber zum ersten Mal Wein produziert. Neue Rebsorten werden gepflanzt, was zu einer Diversifizierung der in der Gegend kultivierten Rebsorten sowie des Weinsortiments f\u00fchrt. 2010 wird das Gutshaus ausgebaut, und es entsteht die gegenw\u00e4rtige Kellerei.[\/et_pb_blurb][et_pb_blurb title=&#8220;Heute&#8220; image=&#8220;https:\/\/berthet-vins.site\/wp-content\/uploads\/2020\/06\/Pressurage.jpg&#8220; icon_placement=&#8220;left&#8220; image_icon_width=&#8220;200px&#8220; content_max_width=&#8220;500px&#8220; admin_label=&#8220;Blurb &#8211; blurb image 400 x 400px&#8220; module_class=&#8220;dd-timeline-event&#8220; _builder_version=&#8220;4.16&#8243; animation_direction=&#8220;right&#8220; animation=&#8220;off&#8220; image_max_width=&#8220;200px&#8220; global_colors_info=&#8220;{}&#8220;]Zurzeit erprobt Laurent BERTHET verschiedene Varianten der Bewirtschaftung der Reben, um die M\u00f6glichkeiten der Mechanisierung zu erweitern und die Qualit\u00e4t zu verbessern. Um das Potenzial der Weine so gut wie m\u00f6glich zu nutzen, wird der Prozess der Weinbereitung eingehend untersucht.[\/et_pb_blurb][et_pb_blurb title=&#8220;Die nahe Zukunft  &#8220; icon_placement=&#8220;left&#8220; image_icon_width=&#8220;200px&#8220; content_max_width=&#8220;500px&#8220; admin_label=&#8220;Blurb &#8211; blurb image 400 x 400px&#8220; module_class=&#8220;dd-timeline-event&#8220; _builder_version=&#8220;4.16&#8243; animation_direction=&#8220;right&#8220; animation=&#8220;off&#8220; image_max_width=&#8220;200px&#8220; global_colors_info=&#8220;{}&#8220;]Und schon in den n\u00e4chsten Jahren wird man das Ergebnis aus den derzeit angebauten neuen Rebsorten entdecken k\u00f6nnen \u2026[\/et_pb_blurb][\/et_pb_column][\/et_pb_row][\/et_pb_section]<\/p>\n","protected":false},"excerpt":{"rendered":"<p>GeschichtlichesDie Kellerei des Familienbetriebs liegt auf der Anh\u00f6he von Cully, einem historischen Dorf im Herzen der Region Lavaux.Die Geschichte des Weinguts beginnt in den Siebzigerjahren: Jean-Pierre BERTHET, Laurents Grossvater, arbeitet als \u201eChef de Culture\u201c f\u00fcr ein grosses renommiertes Weingut in der Gegend und erwirbt den Weinberg von Ch\u00e2telard, der zum gesch\u00fctzten Herkunftsbereich Villette geh\u00f6rt. Bereits [&hellip;]<\/p>\n","protected":false},"author":1,"featured_media":0,"parent":0,"menu_order":0,"comment_status":"closed","ping_status":"closed","template":"","meta":{"_et_pb_use_builder":"on","_et_pb_old_content":"","_et_gb_content_width":"","footnotes":""},"class_list":["post-2481","page","type-page","status-publish","hentry"],"_links":{"self":[{"href":"https:\/\/berthet-vins.ch\/de\/wp-json\/wp\/v2\/pages\/2481","targetHints":{"allow":["GET"]}}],"collection":[{"href":"https:\/\/berthet-vins.ch\/de\/wp-json\/wp\/v2\/pages"}],"about":[{"href":"https:\/\/berthet-vins.ch\/de\/wp-json\/wp\/v2\/types\/page"}],"author":[{"embeddable":true,"href":"https:\/\/berthet-vins.ch\/de\/wp-json\/wp\/v2\/users\/1"}],"replies":[{"embeddable":true,"href":"https:\/\/berthet-vins.ch\/de\/wp-json\/wp\/v2\/comments?post=2481"}],"version-history":[{"count":11,"href":"https:\/\/berthet-vins.ch\/de\/wp-json\/wp\/v2\/pages\/2481\/revisions"}],"predecessor-version":[{"id":3830,"href":"https:\/\/berthet-vins.ch\/de\/wp-json\/wp\/v2\/pages\/2481\/revisions\/3830"}],"wp:attachment":[{"href":"https:\/\/berthet-vins.ch\/de\/wp-json\/wp\/v2\/media?parent=2481"}],"curies":[{"name":"wp","href":"https:\/\/api.w.org\/{rel}","templated":true}]}}