{"id":2571,"date":"2020-08-02T18:14:15","date_gmt":"2020-08-02T16:14:15","guid":{"rendered":"https:\/\/berthet-vins.site\/lavaux\/"},"modified":"2023-03-09T20:36:36","modified_gmt":"2023-03-09T19:36:36","slug":"lavaux","status":"publish","type":"page","link":"https:\/\/berthet-vins.ch\/de\/lavaux\/","title":{"rendered":"Lavaux"},"content":{"rendered":"<p>[et_pb_section fb_built=&#8220;1&#8243; fullwidth=&#8220;on&#8220; custom_padding_last_edited=&#8220;on|phone&#8220; _builder_version=&#8220;4.16&#8243; background_image=&#8220;https:\/\/berthet-vins.ch\/wp-content\/uploads\/2020\/06\/region-lavaux-unesco.jpg&#8220; background_position=&#8220;top_center&#8220; custom_padding=&#8220;270px||30px||false|false&#8220; custom_padding_tablet=&#8220;170px||30px||false|false&#8220; custom_padding_phone=&#8220;80px||10px||false|false&#8220; global_colors_info=&#8220;{}&#8220;][et_pb_fullwidth_header title=&#8220;Lavaux&#8220; admin_label=&#8220;Fullwidth Header &#8211; background image 1920 x 800px&#8220; _builder_version=&#8220;4.16&#8243; title_font=&#8220;Dorica Light|||||on|||&#8220; title_text_align=&#8220;center&#8220; title_font_size=&#8220;60px&#8220; subhead_text_align=&#8220;center&#8220; global_colors_info=&#8220;{}&#8220; button_one_text_size__hover_enabled=&#8220;off&#8220; button_two_text_size__hover_enabled=&#8220;off&#8220; button_one_text_color__hover_enabled=&#8220;off&#8220; button_two_text_color__hover_enabled=&#8220;off&#8220; button_one_border_width__hover_enabled=&#8220;off&#8220; button_two_border_width__hover_enabled=&#8220;off&#8220; button_one_border_color__hover_enabled=&#8220;off&#8220; button_two_border_color__hover_enabled=&#8220;off&#8220; button_one_border_radius__hover_enabled=&#8220;off&#8220; button_two_border_radius__hover_enabled=&#8220;off&#8220; button_one_letter_spacing__hover_enabled=&#8220;off&#8220; button_two_letter_spacing__hover_enabled=&#8220;off&#8220; button_one_bg_color__hover_enabled=&#8220;off&#8220; button_two_bg_color__hover_enabled=&#8220;off&#8220; background_color=&#8220;rgba(255, 255, 255, 0)&#8220; background_enable_image=&#8220;off&#8220; parallax=&#8220;on&#8220; parallax_method=&#8220;on&#8220;][\/et_pb_fullwidth_header][\/et_pb_section][et_pb_section fb_built=&#8220;1&#8243; _builder_version=&#8220;4.16&#8243; custom_padding=&#8220;||0px|&#8220; global_colors_info=&#8220;{}&#8220;][et_pb_row module_class=&#8220;dd-intro-text&#8220; _builder_version=&#8220;4.16&#8243; custom_padding=&#8220;||0px|&#8220; global_colors_info=&#8220;{}&#8220;][et_pb_column type=&#8220;4_4&#8243; _builder_version=&#8220;4.16&#8243; custom_padding=&#8220;|||&#8220; global_colors_info=&#8220;{}&#8220; custom_padding__hover=&#8220;|||&#8220;][et_pb_text _builder_version=&#8220;4.20.0&#8243; text_font=&#8220;|||on|||||&#8220; text_orientation=&#8220;center&#8220; custom_margin=&#8220;||40px||false|false&#8220; hover_enabled=&#8220;0&#8243; global_colors_info=&#8220;{}&#8220; sticky_enabled=&#8220;0&#8243;]<\/p>\n<h2>Lavaux, ein malerisches Gebiet<\/h2>\n<p>[\/et_pb_text][et_pb_text _builder_version=&#8220;4.16&#8243; custom_margin=&#8220;10px||0px||false|false&#8220; custom_padding=&#8220;0px||||false|false&#8220; global_colors_info=&#8220;{}&#8220;]<\/p>\n<h3>Weinanbau<\/h3>\n<p>[\/et_pb_text][et_pb_text _builder_version=&#8220;4.16&#8243; global_colors_info=&#8220;{}&#8220;]<\/p>\n<p>Das Lavaux, ein schmales Band Land zwischen den Wassermassen des Genfersees und dem h\u00fcgeligen und von T\u00e4lern durchzogenen Hinterland, war w\u00e4hrend Jahrtausenden nichts weiter als eine Region unbebauter und von Gestr\u00fcpp bedeckter H\u00e4nge. Die ersten Reben wurden dort zweifellos in der N\u00e4he der ersten Ansiedlungen am Ufer des Sees gepflanzt. Die Kultivierung der steilsten H\u00e4nge (D\u00e9zaley) geht bis in die zweite H\u00e4lfte des 12. Jahrhunderts zur\u00fcck; sie ist den Anstrengungen der M\u00f6nche des Zisterzienserordens zu verdanken.<\/p>\n<p>[\/et_pb_text][et_pb_text _builder_version=&#8220;4.16&#8243; custom_margin=&#8220;||-1px||false|false&#8220; global_colors_info=&#8220;{}&#8220;]<\/p>\n<h4>Der Einfluss des Sees<\/h4>\n<p>[\/et_pb_text][et_pb_text _builder_version=&#8220;4.16&#8243; custom_margin=&#8220;||50px||false|false&#8220; global_colors_info=&#8220;{}&#8220;]<\/p>\n<p>Der Einfluss des Genfersees auf das Klima des Lavaux ist von entscheidender Bedeutung. Die Region profitiert von \u2212 wie man es hier nennt \u2212 \u00abdrei Sonnen\u00bb: von der Sonne selber, von der Spiegelung ihrer Strahlen durch den See sowie von der von den Mauern der Weinberge tags\u00fcber absorbierten W\u00e4rme, die nachts an die Pflanzen abgegeben wird.<\/p>\n<p>Die Natur schuf die Abh\u00e4nge, und der Mensch griff ein, um sie zu bezwingen. Unabl\u00e4ssig k\u00e4mpfte er gegen die Erosion, indem er das Wasser in B\u00e4che leitete, um so das Wasser daran zu hindern, die Erde wegzuschwemmen. Gleichzeitig errichtete er Mauern, um das Gef\u00e4lle der Abh\u00e4nge zu durchbrechen.<\/p>\n<p>Typisch f\u00fcr die Weingegend des Lavaux ist der Familienbesitz, der indes bis zur Reformation (16. Jahrhundert) eher die Ausnahme war. Heute geh\u00f6ren die Weinberge der Gegend von Lutry bis Chardonne \u00fcber 1800 Besitzern, die ca. 1150 Weinbaug\u00fcter betreiben.<\/p>\n<p>[\/et_pb_text][et_pb_text _builder_version=&#8220;4.16&#8243; custom_margin=&#8220;10px||0px||false|false&#8220; custom_padding=&#8220;0px||||false|false&#8220; global_colors_info=&#8220;{}&#8220;]<\/p>\n<h3>Eine einzige kontrollierte Herkunftsbezeichnung<\/h3>\n<p>[\/et_pb_text][et_pb_text _builder_version=&#8220;4.16&#8243; global_colors_info=&#8220;{}&#8220;]<\/p>\n<p>Die Weinregion des Lavaux, die zum <em><a href=\"http:\/\/whc.unesco.org\/en\/list\/1243\" target=\"_blank\" rel=\"noopener\">Weltkulturerbe<\/a><\/em> geh\u00f6rt, erstreckt sich \u00fcber ein Gebiet von 702 Hektar, das in sieben Produktionsgebiete unterteilt ist:<\/p>\n<p>[\/et_pb_text][et_pb_text ul_item_indent=&#8220;90px&#8220; _builder_version=&#8220;4.16&#8243; custom_margin=&#8220;-9px||||false|false&#8220; global_colors_info=&#8220;{}&#8220;]<\/p>\n<ul>\n<li>Lutry: 73 Hektar<\/li>\n<li>Villette: 176 Hektar<\/li>\n<li>Epesses: 134 Hektar<\/li>\n<li>Calamin: 16 Hektar<\/li>\n<li>D\u00e9zaley: 54 Hektar<\/li>\n<li>Saint-Saphorin: 128 Hektar<\/li>\n<li>Chardonne: 121 Hektar<\/li>\n<\/ul>\n<p>[\/et_pb_text][et_pb_text _builder_version=&#8220;4.16&#8243; custom_margin=&#8220;||-1px||false|false&#8220; global_colors_info=&#8220;{}&#8220;]<\/p>\n<h4>&#8211;<\/h4>\n<p>[\/et_pb_text][et_pb_text _builder_version=&#8220;4.16&#8243; global_colors_info=&#8220;{}&#8220;]<\/p>\n<p>Fast alle im Lavaux produzierten Weine werden in der Schweiz verkauft. Es ist aber ein \u2013 wenn auch schwacher \u2013 Anstieg des Exportvolumens zu verzeichnen.<\/p>\n<p>Die Sch\u00f6nheit des Lavaux ist eng mit der Existenz der Reben verbunden. Wie k\u00f6nnen wir die Zukunft der Weinberge sicherstellen, wenn wir nicht gleichzeitig den Winzern, die f\u00fcr ihre Pflege zust\u00e4ndig sind, eine Zukunft erm\u00f6glichen? Der einzige Weg besteht darin, den Wert der Rebe und des Weins zu w\u00fcrdigen. Es handelt sich also darum, bewusst zu machen, dass eine zu einem angemessen Preis verkaufte Flasche Wein aus dem Lavaux unmittelbar zum Erhalt dieser aussergew\u00f6hnlichen Kulturlandschaft beitr\u00e4gt.<\/p>\n<p>[\/et_pb_text][et_pb_text _builder_version=&#8220;4.16&#8243; text_font=&#8220;||||||||&#8220; text_text_color=&#8220;#474747&#8243; global_colors_info=&#8220;{}&#8220;]<\/p>\n<h4>Entdecken Sie unsere Weine <span style=\"text-decoration: underline;\"><a href=\"https:\/\/berthet-vins.ch\/de\/unsere-weine\/\">hier<\/a><\/span> !<\/h4>\n<p>[\/et_pb_text][et_pb_text _builder_version=&#8220;4.16&#8243; text_font=&#8220;||on||||||&#8220; global_colors_info=&#8220;{}&#8220;]<\/p>\n<p>Quelle: SIMON, Jean-Louis, MURISIER, Fran\u00e7ois, \u00abViviculture\u00bb (Weinanbau) in: \u00abLavaux, Vignoble en terrasses face au lac et aux Alpes\u00bb (Lavaux, terrassenf\u00f6rmig angelegte Weinberge mit Blick auf den Genfersee und die Alpen), Dossier zur Bewerbung des Lavaux zur Aufnahme in das UNESCO-Weltkulturerbe, Cully, Januar 2006, S. 65-74.<\/p>\n<p>[\/et_pb_text][\/et_pb_column][\/et_pb_row][\/et_pb_section][et_pb_section fb_built=&#8220;1&#8243; module_class=&#8220;dd-timeline-section&#8220; _builder_version=&#8220;4.16&#8243; custom_padding=&#8220;9px|||||&#8220; global_colors_info=&#8220;{}&#8220;][\/et_pb_section]<\/p>\n","protected":false},"excerpt":{"rendered":"<p>Lavaux, ein malerisches GebietWeinanbauDas Lavaux, ein schmales Band Land zwischen den Wassermassen des Genfersees und dem h\u00fcgeligen und von T\u00e4lern durchzogenen Hinterland, war w\u00e4hrend Jahrtausenden nichts weiter als eine Region unbebauter und von Gestr\u00fcpp bedeckter H\u00e4nge. Die ersten Reben wurden dort zweifellos in der N\u00e4he der ersten Ansiedlungen am Ufer des Sees gepflanzt. Die Kultivierung [&hellip;]<\/p>\n","protected":false},"author":1,"featured_media":0,"parent":0,"menu_order":0,"comment_status":"closed","ping_status":"closed","template":"","meta":{"_et_pb_use_builder":"on","_et_pb_old_content":"","_et_gb_content_width":"","footnotes":""},"class_list":["post-2571","page","type-page","status-publish","hentry"],"_links":{"self":[{"href":"https:\/\/berthet-vins.ch\/de\/wp-json\/wp\/v2\/pages\/2571","targetHints":{"allow":["GET"]}}],"collection":[{"href":"https:\/\/berthet-vins.ch\/de\/wp-json\/wp\/v2\/pages"}],"about":[{"href":"https:\/\/berthet-vins.ch\/de\/wp-json\/wp\/v2\/types\/page"}],"author":[{"embeddable":true,"href":"https:\/\/berthet-vins.ch\/de\/wp-json\/wp\/v2\/users\/1"}],"replies":[{"embeddable":true,"href":"https:\/\/berthet-vins.ch\/de\/wp-json\/wp\/v2\/comments?post=2571"}],"version-history":[{"count":8,"href":"https:\/\/berthet-vins.ch\/de\/wp-json\/wp\/v2\/pages\/2571\/revisions"}],"predecessor-version":[{"id":3785,"href":"https:\/\/berthet-vins.ch\/de\/wp-json\/wp\/v2\/pages\/2571\/revisions\/3785"}],"wp:attachment":[{"href":"https:\/\/berthet-vins.ch\/de\/wp-json\/wp\/v2\/media?parent=2571"}],"curies":[{"name":"wp","href":"https:\/\/api.w.org\/{rel}","templated":true}]}}