{"id":861,"date":"2017-11-05T17:27:02","date_gmt":"2017-11-05T16:27:02","guid":{"rendered":"https:\/\/berthet-vins.site\/product\/chatelard-rose-2\/"},"modified":"2025-07-12T10:55:13","modified_gmt":"2025-07-12T08:55:13","slug":"chatelard-rose","status":"publish","type":"product","link":"https:\/\/berthet-vins.ch\/de\/shop\/chatelard-rose\/","title":{"rendered":"Ch\u00e2telard Ros\u00e9, Lavaux 2024"},"content":{"rendered":"<div class=\"pa_content\">\n<div class=\"rte\">\n<div class=\"pa_content\">\n<div class=\"rte\">\n<h3>Die Rebsorte<\/h3>\n<p>Die Cabernet Jura- und Pinot Noir-Trauben werden vor der Pressung einige Stunden lang kurz eingemaischt, um dem Wein eine farbliche Note zu verleihen.<\/p>\n<h3>Der Wein<\/h3>\n<p>Dieser Ros\u00e9wein hat eine zartrosa Farbe mit lachsfarbenen Reflexen und entfaltet einen sch\u00f6nen Duft, der gleichzeitig blumig und fruchtig ist. Feines und charmantes Bouquet, mit der f\u00fcr Pinot Noir typischen Himbeernote. Im Mund ist der Wein ausgewogen und sehr wohlschmeckend und der leicht s\u00e4uerliche Geschmack f\u00fchrt zu einem angenehmen und ausgeglichenen Abgang.<\/p>\n<h3>Serviertemperatur<\/h3>\n<p>10 bis 12 \u00b0C<\/p>\n<h3>Empfehlung<\/h3>\n<p>Perfekt zu leichten, sommerlichen Speisen, exotischen Gerichten, Meeresfr\u00fcchten und Rinder-Carpaccio.<\/p>\n<h3>Ideale Reifezeit<\/h3>\n<p>1 bis 2 Jahre<\/p>\n<h3>Verpackung<\/h3>\n<p>Flasche 75 cl, Anrollverschluss<\/p>\n<\/div>\n<\/div>\n<\/div>\n<\/div>\n","protected":false},"excerpt":{"rendered":"<p>Ros\u00e9wein<\/p>\n<p>75 cl &#8211; Schraubverschluss<\/p>\n","protected":false},"featured_media":859,"template":"","meta":{"_et_pb_use_builder":"off","_et_pb_old_content":"<div class=\"pa_content\">\n<div class=\"rte\">\n<div class=\"pa_content\">\n<div class=\"rte\">\n<h3>Die Rebsorte<\/h3>\nDieser Wein wird aus <a href=\"\/vignoble#cepages-rouges\"><strong>Pinot Noir<\/strong><\/a> gekeltert. Die Trauben werden vor dem Keltern f\u00fcr kurze Zeit eingeweicht, so dass der Wein ein wenig Farbe erh\u00e4lt.\n<h3>Der Wein<\/h3>\nDieser Ros\u00e9wein hat eine zartrosa Farbe mit lachsfarbenen Reflexen und entfaltet einen sch\u00f6nen Duft, der gleichzeitig blumig und fruchtig ist. Feines und charmantes Bouquet, mit der f\u00fcr Pinot Noir typischen Himbeernote.\n\nIm Mund ist der Wein ausgewogen und sehr wohlschmeckend und der leicht s\u00e4uerliche Geschmack f\u00fchrt zu einem angenehmen und ausgeglichenen Abgang.\n<h3>Serviertemperatur<\/h3>\n10 bis 12 \u00b0C\n<h3>Empfehlung<\/h3>\nPerfekt zu leichten, sommerlichen Speisen, exotischen Gerichten, Meeresfr\u00fcchten und Rinder-Carpaccio.\n<h3>Ideale Reifezeit<\/h3>\n1 bis 2 Jahre\n<h3>Verpackung<\/h3>\nFlasche 75 cl, Anrollverschluss\n\n<\/div>\n<\/div>\n<\/div>\n<\/div>","_et_gb_content_width":""},"product_brand":[],"product_cat":[207],"product_tag":[132,121,127,134,130,129],"class_list":{"0":"post-861","1":"product","2":"type-product","3":"status-publish","4":"has-post-thumbnail","6":"product_cat-roseweine","7":"product_tag-aromes-de","8":"product_tag-chatelard-de","9":"product_tag-lavaux-de","10":"product_tag-palais-de","11":"product_tag-robe-de","12":"product_tag-vin-rose-de","14":"first","15":"instock","16":"shipping-taxable","17":"purchasable","18":"product-type-simple"},"_links":{"self":[{"href":"https:\/\/berthet-vins.ch\/de\/wp-json\/wp\/v2\/product\/861","targetHints":{"allow":["GET"]}}],"collection":[{"href":"https:\/\/berthet-vins.ch\/de\/wp-json\/wp\/v2\/product"}],"about":[{"href":"https:\/\/berthet-vins.ch\/de\/wp-json\/wp\/v2\/types\/product"}],"wp:featuredmedia":[{"embeddable":true,"href":"https:\/\/berthet-vins.ch\/de\/wp-json\/wp\/v2\/media\/859"}],"wp:attachment":[{"href":"https:\/\/berthet-vins.ch\/de\/wp-json\/wp\/v2\/media?parent=861"}],"wp:term":[{"taxonomy":"product_brand","embeddable":true,"href":"https:\/\/berthet-vins.ch\/de\/wp-json\/wp\/v2\/product_brand?post=861"},{"taxonomy":"product_cat","embeddable":true,"href":"https:\/\/berthet-vins.ch\/de\/wp-json\/wp\/v2\/product_cat?post=861"},{"taxonomy":"product_tag","embeddable":true,"href":"https:\/\/berthet-vins.ch\/de\/wp-json\/wp\/v2\/product_tag?post=861"}],"curies":[{"name":"wp","href":"https:\/\/api.w.org\/{rel}","templated":true}]}}