{"id":871,"date":"2017-11-05T17:31:22","date_gmt":"2017-11-05T16:31:22","guid":{"rendered":"https:\/\/berthet-vins.site\/product\/pinot-noir-2\/"},"modified":"2023-03-09T20:50:22","modified_gmt":"2023-03-09T19:50:22","slug":"pinot-noir","status":"publish","type":"product","link":"https:\/\/berthet-vins.ch\/de\/shop\/pinot-noir\/","title":{"rendered":"Pinot noir, Villette"},"content":{"rendered":"<div class=\"pa_content\">\n<div class=\"rte\">\n<div class=\"pa_content\">\n<div class=\"rte\">\n<h3>Die Rebsorte<\/h3>\n<p>Urspr\u00fcnglich stammt die Rebsorte Pinot Noir aus der Bourgogne, doch heute findet man sie in zahlreichen Anbaugebieten. Die Art des Weines h\u00e4ngt stark vom Klima, dem Weinbauern oder dem Winzer ab. Im Gegensatz zu einigen sehr expressiven Weinen, die einem sehr schnell zu Kopf steigen k\u00f6nnen, beeindruckt der Pinot Noir eher durch seine Sensibilit\u00e4t und Feinheit. Einen Pinot Noir zu trinken bedeutet Eleganz und Klasse statt trockener \u00dcbermacht<\/p>\n<h3>Der Wein<\/h3>\n<p>Rubinrote F\u00e4rbung. Bouquet aus dem Aroma kleiner, roter Fr\u00fcchte. Gut und reich am Gaumen strukturiert und mit Tannin, sehr edel und mit sehr viel Tiefe.<\/p>\n<h3>Serviertemperatur<\/h3>\n<p>14 bis 18 \u00b0C<\/p>\n<h3>Empfehlung<\/h3>\n<p>Ideal zu Gefl\u00fcgel, rotem Fleisch, trockenem Fleisch, Knoblauchwurst, Fleischpasteten, Pasta, Halbhartk\u00e4se und Alpenk\u00e4se.<\/p>\n<h3>Ideale Reifezeit<\/h3>\n<p>2 bis 3 Jahre<\/p>\n<h3>Verpackung:<\/h3>\n<p>Flasche 75 cl, Korkstopfen<\/p>\n<\/div>\n<\/div>\n<\/div>\n<\/div>\n","protected":false},"excerpt":{"rendered":"<p>Lavaux AOC<\/p>\n<p>Rotwein<\/p>\n<p>75 cl &#8211; Korkstopfen (Diam)<\/p>\n","protected":false},"featured_media":869,"template":"","meta":{"_et_pb_use_builder":"","_et_pb_old_content":"","_et_gb_content_width":""},"product_brand":[],"product_cat":[205],"product_tag":[132,137,127,135,130,125,139],"class_list":{"0":"post-871","1":"product","2":"type-product","3":"status-publish","4":"has-post-thumbnail","6":"product_cat-rotweine","7":"product_tag-aromes-de","8":"product_tag-finesse-de","9":"product_tag-lavaux-de","10":"product_tag-pinot-noir-de","11":"product_tag-robe-de","12":"product_tag-villette-de","13":"product_tag-vin-rouge-de","15":"first","16":"instock","17":"shipping-taxable","18":"purchasable","19":"product-type-simple"},"_links":{"self":[{"href":"https:\/\/berthet-vins.ch\/de\/wp-json\/wp\/v2\/product\/871","targetHints":{"allow":["GET"]}}],"collection":[{"href":"https:\/\/berthet-vins.ch\/de\/wp-json\/wp\/v2\/product"}],"about":[{"href":"https:\/\/berthet-vins.ch\/de\/wp-json\/wp\/v2\/types\/product"}],"wp:featuredmedia":[{"embeddable":true,"href":"https:\/\/berthet-vins.ch\/de\/wp-json\/wp\/v2\/media\/869"}],"wp:attachment":[{"href":"https:\/\/berthet-vins.ch\/de\/wp-json\/wp\/v2\/media?parent=871"}],"wp:term":[{"taxonomy":"product_brand","embeddable":true,"href":"https:\/\/berthet-vins.ch\/de\/wp-json\/wp\/v2\/product_brand?post=871"},{"taxonomy":"product_cat","embeddable":true,"href":"https:\/\/berthet-vins.ch\/de\/wp-json\/wp\/v2\/product_cat?post=871"},{"taxonomy":"product_tag","embeddable":true,"href":"https:\/\/berthet-vins.ch\/de\/wp-json\/wp\/v2\/product_tag?post=871"}],"curies":[{"name":"wp","href":"https:\/\/api.w.org\/{rel}","templated":true}]}}