{"id":877,"date":"2017-11-05T17:33:50","date_gmt":"2017-11-05T16:33:50","guid":{"rendered":"https:\/\/berthet-vins.site\/product\/mara-2\/"},"modified":"2024-02-21T20:50:11","modified_gmt":"2024-02-21T19:50:11","slug":"mara","status":"publish","type":"product","link":"https:\/\/berthet-vins.ch\/de\/shop\/mara\/","title":{"rendered":"Mara, Villette"},"content":{"rendered":"<div class=\"pa_content\">\n<div class=\"rte\">\n<div class=\"pa_content\">\n<div class=\"rte\">\n<div class=\"pa_content\">\n<div class=\"rte\">\n<h3>Die Rebsorte<\/h3>\n<p>Die Schweizer Rebsorte <strong><br \/>\n<a href=\"https:\/\/berthet-vins.ch\/fr\/vignoble\/#cepages-rouges\">Mara<\/a><br \/>\n<\/strong>ist das j\u00fcngste Kind von Agroscope ACW und eine Kreuzung aus Gamay und Reichensteiner, ebenso wie ihre Cousins Gamaret und Garanoir.<\/p>\n<h3>Der Wein<\/h3>\n<p>Dieses Mara enth\u00fcllt ein tiefrotes Kleid mit ged\u00e4mpften Nuancen und atmet einen haupts\u00e4chlich fruchtigen Strau\u00df aus. Reif, Kirsche, Cassis und Pflaume gehen dem Oregano, der Muskatnuss und dem F\u00e4den voran.<\/p>\n<p>Der Gaumen, sch\u00f6n strukturiert durch feste und dauerhafte Tannine, l\u00e4sst fruchtige und bewaldete Aromen erahnen, wo sich die Brombeere harmonisch mit dem Eichenschaum verbindet.<\/p>\n<h3>Empfehlung<\/h3>\n<p>Idealer Partner f\u00fcr gebratenes Fleisch und italienische Gerichte.<\/p>\n<h3>Serviertemperatur<\/h3>\n<p>14 bis 18 \u00b0C<\/p>\n<h3>Ideale Reifezeit<\/h3>\n<p>2 bis 3 Jahre<\/p>\n<h3>Verpackung:<\/h3>\n<p>Flasche 75cl, Verschluss Kork (DIAM)<\/p>\n<\/div>\n<\/div>\n<\/div>\n<\/div>\n<\/div>\n<\/div>\n","protected":false},"excerpt":{"rendered":"<p>Lavaux AOC<\/p>\n<p>Rotwein<\/p>\n<p>75 cl &#8211; Korkstopfen (Diam)<\/p>\n","protected":false},"featured_media":875,"template":"","meta":{"_et_pb_use_builder":"","_et_pb_old_content":"","_et_gb_content_width":""},"product_brand":[],"product_cat":[205],"product_tag":[142,146,144,147,127,141,145,125,139],"class_list":{"0":"post-877","1":"product","2":"type-product","3":"status-publish","4":"has-post-thumbnail","6":"product_cat-rotweine","7":"product_tag-cepage-de","8":"product_tag-gamaret-de","9":"product_tag-gamay-de","10":"product_tag-garanoir-de","11":"product_tag-lavaux-de","12":"product_tag-mara-de","13":"product_tag-reichensteiner-de","14":"product_tag-villette-de","15":"product_tag-vin-rouge-de","17":"first","18":"instock","19":"shipping-taxable","20":"purchasable","21":"product-type-simple"},"_links":{"self":[{"href":"https:\/\/berthet-vins.ch\/de\/wp-json\/wp\/v2\/product\/877","targetHints":{"allow":["GET"]}}],"collection":[{"href":"https:\/\/berthet-vins.ch\/de\/wp-json\/wp\/v2\/product"}],"about":[{"href":"https:\/\/berthet-vins.ch\/de\/wp-json\/wp\/v2\/types\/product"}],"wp:featuredmedia":[{"embeddable":true,"href":"https:\/\/berthet-vins.ch\/de\/wp-json\/wp\/v2\/media\/875"}],"wp:attachment":[{"href":"https:\/\/berthet-vins.ch\/de\/wp-json\/wp\/v2\/media?parent=877"}],"wp:term":[{"taxonomy":"product_brand","embeddable":true,"href":"https:\/\/berthet-vins.ch\/de\/wp-json\/wp\/v2\/product_brand?post=877"},{"taxonomy":"product_cat","embeddable":true,"href":"https:\/\/berthet-vins.ch\/de\/wp-json\/wp\/v2\/product_cat?post=877"},{"taxonomy":"product_tag","embeddable":true,"href":"https:\/\/berthet-vins.ch\/de\/wp-json\/wp\/v2\/product_tag?post=877"}],"curies":[{"name":"wp","href":"https:\/\/api.w.org\/{rel}","templated":true}]}}