{"id":885,"date":"2017-11-05T17:41:03","date_gmt":"2017-11-05T16:41:03","guid":{"rendered":"https:\/\/berthet-vins.site\/product\/epesses-vieilles-vignes-2\/"},"modified":"2024-02-19T19:24:11","modified_gmt":"2024-02-19T18:24:11","slug":"epesses-vieilles-vignes","status":"publish","type":"product","link":"https:\/\/berthet-vins.ch\/de\/shop\/epesses-vieilles-vignes\/","title":{"rendered":"Epesses Grand cru"},"content":{"rendered":"<div class=\"pa_content\">\n<div class=\"rte\">\n<div class=\"pa_content\">\n<div class=\"rte\">\n<div class=\"pa_content\">\n<div class=\"rte\">\n<h3>Die Rebsorte<\/h3>\n<p><a href=\"https:\/\/berthet-vins.ch\/fr\/vignoble\/#cepages-blancs\"><strong>Chasselas<\/strong><\/a> mit begrenztem Ertrag, sorgf\u00e4ltig ausgew\u00e4hlt unter den \u00e4ltesten Parzellen des Anwesens. Die ausschliesslich am Genfersee und im Rh\u00f4ne-Tal verbreitete Chasselas-Traube gedeiht an den steilen H\u00e4ngen und exponierten Terrassen perfekt. Sie z\u00e4hlt zur meistangebauten Rebsorte im Lavaux.<\/p>\n<h3>Der Wein<\/h3>\n<p>Der typische Duft dieser sehr blumig riechenden Rebsorte erinnert an einen bl\u00fchenden Lindenbaum. Erg\u00e4nzt wird er durch eine fruchtige und mineralische Note.<\/p>\n<p>Im Mund entfaltet sich der erdige, tonige Geschmack des Bodens: ausgewogene Struktur am Gaumen, lang anhaltend im Mund und ein angenehmer, leicht bitterer Geschmack.<\/p>\n<h3>Serviertemperatur<\/h3>\n<p>10 bis 12 \u00b0C<\/p>\n<h3>Empfehlung<\/h3>\n<p>Als Aperitif eignet sich dieser gesellige Wein vor allem f\u00fcr K\u00e4segerichte. Ausserdem passt er sehr gut zu S\u00fcsswasserfischgerichten.<\/p>\n<h3>Ideale Reifezeit<\/h3>\n<p>1 bis 2 Jahre<\/p>\n<h3>Verpackung:<\/h3>\n<p>Flasche 75 cl, Anrollverschluss<\/p>\n<\/div>\n<\/div>\n<\/div>\n<\/div>\n<\/div>\n<\/div>\n","protected":false},"excerpt":{"rendered":"<p>Chasselas Alte Reben<\/p>\n<p>Lavaux AOC<\/p>\n<p>Weisswein<\/p>\n<p>75 cl &#8211; Korkstopfen (DIAM)<\/p>\n<p>Label Or TERRAVIN<\/p>\n","protected":false},"featured_media":880,"template":"","meta":{"_et_pb_use_builder":"","_et_pb_old_content":"","_et_gb_content_width":""},"product_brand":[],"product_cat":[209],"product_tag":[155,123,148,152,150,127,153,154],"class_list":{"0":"post-885","1":"product","2":"type-product","3":"status-publish","4":"has-post-thumbnail","6":"product_cat-weissweine","7":"product_tag-blanc-de","8":"product_tag-chasselas-de","9":"product_tag-epesses-de","10":"product_tag-fruite-de","11":"product_tag-grand-cru-de","12":"product_tag-lavaux-de","13":"product_tag-mineral-de","14":"product_tag-vin-de","16":"first","17":"instock","18":"shipping-taxable","19":"purchasable","20":"product-type-simple"},"_links":{"self":[{"href":"https:\/\/berthet-vins.ch\/de\/wp-json\/wp\/v2\/product\/885","targetHints":{"allow":["GET"]}}],"collection":[{"href":"https:\/\/berthet-vins.ch\/de\/wp-json\/wp\/v2\/product"}],"about":[{"href":"https:\/\/berthet-vins.ch\/de\/wp-json\/wp\/v2\/types\/product"}],"wp:featuredmedia":[{"embeddable":true,"href":"https:\/\/berthet-vins.ch\/de\/wp-json\/wp\/v2\/media\/880"}],"wp:attachment":[{"href":"https:\/\/berthet-vins.ch\/de\/wp-json\/wp\/v2\/media?parent=885"}],"wp:term":[{"taxonomy":"product_brand","embeddable":true,"href":"https:\/\/berthet-vins.ch\/de\/wp-json\/wp\/v2\/product_brand?post=885"},{"taxonomy":"product_cat","embeddable":true,"href":"https:\/\/berthet-vins.ch\/de\/wp-json\/wp\/v2\/product_cat?post=885"},{"taxonomy":"product_tag","embeddable":true,"href":"https:\/\/berthet-vins.ch\/de\/wp-json\/wp\/v2\/product_tag?post=885"}],"curies":[{"name":"wp","href":"https:\/\/api.w.org\/{rel}","templated":true}]}}