{"id":1576,"date":"2020-06-16T20:33:14","date_gmt":"2020-06-16T18:33:14","guid":{"rendered":"https:\/\/berthet-vins.site\/?page_id=1576"},"modified":"2023-01-24T20:43:49","modified_gmt":"2023-01-24T19:43:49","slug":"philosophie","status":"publish","type":"page","link":"https:\/\/berthet-vins.ch\/fr\/philosophie\/","title":{"rendered":"Philosophie"},"content":{"rendered":"<p>[et_pb_section fb_built=\u00a0\u00bb1&Prime; fullwidth=\u00a0\u00bbon\u00a0\u00bb custom_padding_last_edited=\u00a0\u00bbon|phone\u00a0\u00bb _builder_version=\u00a0\u00bb4.16&Prime; background_image=\u00a0\u00bbhttps:\/\/berthet-vins.ch\/wp-content\/uploads\/2020\/06\/philosophie-production-ecologique.jpg\u00a0\u00bb background_position=\u00a0\u00bbtop_center\u00a0\u00bb custom_padding=\u00a0\u00bb270px||30px||false|false\u00a0\u00bb custom_padding_tablet=\u00a0\u00bb170px||30px||false|false\u00a0\u00bb custom_padding_phone=\u00a0\u00bb80px||10px||false|false\u00a0\u00bb global_colors_info=\u00a0\u00bb{}\u00a0\u00bb][et_pb_fullwidth_header title=\u00a0\u00bbPhilosophie\u00a0\u00bb admin_label=\u00a0\u00bbFullwidth Header &#8211; background image 1920 x 800px\u00a0\u00bb _builder_version=\u00a0\u00bb4.19.4&Prime; title_font=\u00a0\u00bbDorica Light|||||on|||\u00a0\u00bb title_text_align=\u00a0\u00bbcenter\u00a0\u00bb title_font_size=\u00a0\u00bb60px\u00a0\u00bb subhead_text_align=\u00a0\u00bbcenter\u00a0\u00bb background_color=\u00a0\u00bbrgba(255, 255, 255, 0)\u00a0\u00bb background_enable_image=\u00a0\u00bboff\u00a0\u00bb parallax=\u00a0\u00bbon\u00a0\u00bb parallax_method=\u00a0\u00bbon\u00a0\u00bb hover_enabled=\u00a0\u00bb0&Prime; global_colors_info=\u00a0\u00bb{}\u00a0\u00bb button_one_text_size__hover_enabled=\u00a0\u00bboff\u00a0\u00bb button_two_text_size__hover_enabled=\u00a0\u00bboff\u00a0\u00bb button_one_text_color__hover_enabled=\u00a0\u00bboff\u00a0\u00bb button_two_text_color__hover_enabled=\u00a0\u00bboff\u00a0\u00bb button_one_border_width__hover_enabled=\u00a0\u00bboff\u00a0\u00bb button_two_border_width__hover_enabled=\u00a0\u00bboff\u00a0\u00bb button_one_border_color__hover_enabled=\u00a0\u00bboff\u00a0\u00bb button_two_border_color__hover_enabled=\u00a0\u00bboff\u00a0\u00bb button_one_border_radius__hover_enabled=\u00a0\u00bboff\u00a0\u00bb button_two_border_radius__hover_enabled=\u00a0\u00bboff\u00a0\u00bb button_one_letter_spacing__hover_enabled=\u00a0\u00bboff\u00a0\u00bb button_two_letter_spacing__hover_enabled=\u00a0\u00bboff\u00a0\u00bb button_one_bg_color__hover_enabled=\u00a0\u00bboff\u00a0\u00bb button_two_bg_color__hover_enabled=\u00a0\u00bboff\u00a0\u00bb sticky_enabled=\u00a0\u00bb0&Prime;][\/et_pb_fullwidth_header][\/et_pb_section][et_pb_section fb_built=\u00a0\u00bb1&Prime; _builder_version=\u00a0\u00bb4.16&Prime; custom_padding=\u00a0\u00bb||0px|\u00a0\u00bb global_colors_info=\u00a0\u00bb{}\u00a0\u00bb][et_pb_row module_class=\u00a0\u00bbdd-intro-text\u00a0\u00bb _builder_version=\u00a0\u00bb4.16&Prime; custom_padding=\u00a0\u00bb||0px|\u00a0\u00bb global_colors_info=\u00a0\u00bb{}\u00a0\u00bb][et_pb_column type=\u00a0\u00bb4_4&Prime; _builder_version=\u00a0\u00bb4.16&Prime; custom_padding=\u00a0\u00bb|||\u00a0\u00bb global_colors_info=\u00a0\u00bb{}\u00a0\u00bb custom_padding__hover=\u00a0\u00bb|||\u00a0\u00bb][et_pb_text _builder_version=\u00a0\u00bb4.16&Prime; text_font=\u00a0\u00bb|||on|||||\u00a0\u00bb text_orientation=\u00a0\u00bbcenter\u00a0\u00bb global_colors_info=\u00a0\u00bb{}\u00a0\u00bb]<\/p>\n<h2>Une viticulture de l&rsquo;environnement<\/h2>\n<p>[\/et_pb_text][et_pb_text _builder_version=\u00a0\u00bb4.16&Prime; custom_margin=\u00a0\u00bb10px||10px||false|false\u00a0\u00bb custom_padding=\u00a0\u00bb0px||||false|false\u00a0\u00bb global_colors_info=\u00a0\u00bb{}\u00a0\u00bb]<\/p>\n<h3>Nous travaillons en production int\u00e9gr\u00e9e<\/h3>\n<p>[\/et_pb_text][et_pb_text _builder_version=\u00a0\u00bb4.16&Prime; global_colors_info=\u00a0\u00bb{}\u00a0\u00bb]<\/p>\n<p>Tout le vignoble est cultiv\u00e9 en production int\u00e9gr\u00e9e, un syst\u00e8me de culture qui respecte au mieux l\u2019\u00e9cologie des terres, les ceps et les vins.<\/p>\n<p>Ce sont les organes de contr\u00f4le VitiPlus et VitiSwiss qui proc\u00e8dent chaque ann\u00e9e \u00e0 une expertise pouss\u00e9e et qui nous d\u00e9livrent le certificat attestant que nous r\u00e9pondons aux exigences.<\/p>\n<p>[\/et_pb_text][et_pb_text _builder_version=\u00a0\u00bb4.16&Prime; custom_margin=\u00a0\u00bb||-1px||false|false\u00a0\u00bb global_colors_info=\u00a0\u00bb{}\u00a0\u00bb]<\/p>\n<h4>Les cinq objectifs de la production int\u00e9gr\u00e9e :<\/h4>\n<p>[\/et_pb_text][et_pb_text _builder_version=\u00a0\u00bb4.16&Prime; global_colors_info=\u00a0\u00bb{}\u00a0\u00bb]<\/p>\n<ul>\n<li>privil\u00e9gier les m\u00e9thodes de lutte douces, biologiques et biotechniques en utilisant avant tout les ressources et les m\u00e9canismes de r\u00e9gulation naturels<\/li>\n<li>rechercher et maintenir une grande diversit\u00e9 biologique dans l&rsquo;\u00e9cosyst\u00e8me viticole et ses alentours<\/li>\n<li>pr\u00e9server \u00e0 long terme la fertilit\u00e9 du sol et r\u00e9duire au maximum les impacts sur l&rsquo;environnement (eau, sol, air)<\/li>\n<li>prot\u00e9ger la sant\u00e9 des producteurs lors de la manipulation d&rsquo;intrants<\/li>\n<li>assurer la production de raisins sains et de produits viticoles de qualit\u00e9 en limitant les r\u00e9sidus au maximum.\n<p><\/li>\n<\/ul>\n<p>[\/et_pb_text][et_pb_text _builder_version=\u00a0\u00bb4.16&Prime; custom_margin=\u00a0\u00bb10px||10px||false|false\u00a0\u00bb custom_padding=\u00a0\u00bb0px||||false|false\u00a0\u00bb global_colors_info=\u00a0\u00bb{}\u00a0\u00bb]<\/p>\n<h3>Une formation professionnelle continue<\/h3>\n<p>[\/et_pb_text][et_pb_text _builder_version=\u00a0\u00bb4.16&Prime; global_colors_info=\u00a0\u00bb{}\u00a0\u00bb]<\/p>\n<p>La production \u00e9cologique et int\u00e9gr\u00e9e exige des producteurs une formation professionnelle constamment mise \u00e0 jour, ainsi qu\u2019une attitude positive et dynamique vis-\u00e0-vis des objectifs vis\u00e9s. Ces derni\u00e8res ann\u00e9es, nous avons pu renoncer enti\u00e8rement aux insecticides et aux engrais chimiques, l\u2019interligne de toutes nos vignes est enherb\u00e9.<\/p>\n<p>[\/et_pb_text][et_pb_text _builder_version=\u00a0\u00bb4.16&Prime; text_font=\u00a0\u00bb|||on|||||\u00a0\u00bb text_orientation=\u00a0\u00bbcenter\u00a0\u00bb custom_margin=\u00a0\u00bb0px||10px||false|false\u00a0\u00bb custom_padding=\u00a0\u00bb40px||||false|false\u00a0\u00bb global_colors_info=\u00a0\u00bb{}\u00a0\u00bb]<\/p>\n<h2>Une viticulture de la qualit\u00e9<\/h2>\n<p>[\/et_pb_text][et_pb_text _builder_version=\u00a0\u00bb4.16&Prime; global_colors_info=\u00a0\u00bb{}\u00a0\u00bb]<\/p>\n<p>Si la production int\u00e9gr\u00e9e est un atout certain pour le d\u00e9veloppement durable de notre environnement, le fait de revenir \u00e0 des pratiques viticoles plus saines, plus proches de la plante et du fruit, moins productivistes, avec moins d\u2019engrais, moins d\u2019herbicides et de pesticides qui polluent la terre et d\u00e9vient le go\u00fbt, offre ind\u00e9niablement une plus-value importante pour la qualit\u00e9 du vin.<\/p>\n<p>Bien mieux que tout apport chimique, une vigueur mod\u00e9r\u00e9e, des rendements ma\u00eetris\u00e9s, un feuillage suffisant et a\u00e9r\u00e9 sont les points cruciaux : la photosynth\u00e8se et donc l\u2019assimilation des sucres sont optimales, les maladies susceptibles de d\u00e9grader la vendange sont mieux ma\u00eetris\u00e9es.<\/p>\n<p>[\/et_pb_text][\/et_pb_column][\/et_pb_row][\/et_pb_section][et_pb_section fb_built=\u00a0\u00bb1&Prime; module_class=\u00a0\u00bbdd-timeline-section\u00a0\u00bb _builder_version=\u00a0\u00bb4.16&Prime; custom_padding=\u00a0\u00bb9px|||||\u00a0\u00bb global_colors_info=\u00a0\u00bb{}\u00a0\u00bb][\/et_pb_section]<\/p>\n","protected":false},"excerpt":{"rendered":"<p>Une viticulture de l&rsquo;environnementNous travaillons en production int\u00e9gr\u00e9eTout le vignoble est cultiv\u00e9 en production int\u00e9gr\u00e9e, un syst\u00e8me de culture qui respecte au mieux l\u2019\u00e9cologie des terres, les ceps et les vins. Ce sont les organes de contr\u00f4le VitiPlus et VitiSwiss qui proc\u00e8dent chaque ann\u00e9e \u00e0 une expertise pouss\u00e9e et qui nous d\u00e9livrent le certificat attestant [&hellip;]<\/p>\n","protected":false},"author":1,"featured_media":0,"parent":0,"menu_order":0,"comment_status":"closed","ping_status":"closed","template":"","meta":{"_et_pb_use_builder":"on","_et_pb_old_content":"","_et_gb_content_width":"","footnotes":""},"class_list":["post-1576","page","type-page","status-publish","hentry"],"_links":{"self":[{"href":"https:\/\/berthet-vins.ch\/fr\/wp-json\/wp\/v2\/pages\/1576","targetHints":{"allow":["GET"]}}],"collection":[{"href":"https:\/\/berthet-vins.ch\/fr\/wp-json\/wp\/v2\/pages"}],"about":[{"href":"https:\/\/berthet-vins.ch\/fr\/wp-json\/wp\/v2\/types\/page"}],"author":[{"embeddable":true,"href":"https:\/\/berthet-vins.ch\/fr\/wp-json\/wp\/v2\/users\/1"}],"replies":[{"embeddable":true,"href":"https:\/\/berthet-vins.ch\/fr\/wp-json\/wp\/v2\/comments?post=1576"}],"version-history":[{"count":19,"href":"https:\/\/berthet-vins.ch\/fr\/wp-json\/wp\/v2\/pages\/1576\/revisions"}],"predecessor-version":[{"id":3612,"href":"https:\/\/berthet-vins.ch\/fr\/wp-json\/wp\/v2\/pages\/1576\/revisions\/3612"}],"wp:attachment":[{"href":"https:\/\/berthet-vins.ch\/fr\/wp-json\/wp\/v2\/media?parent=1576"}],"curies":[{"name":"wp","href":"https:\/\/api.w.org\/{rel}","templated":true}]}}