{"id":1634,"date":"2020-06-17T20:47:13","date_gmt":"2020-06-17T18:47:13","guid":{"rendered":"https:\/\/berthet-vins.site\/?page_id=1634"},"modified":"2023-01-24T19:23:53","modified_gmt":"2023-01-24T18:23:53","slug":"lavaux","status":"publish","type":"page","link":"https:\/\/berthet-vins.ch\/fr\/lavaux\/","title":{"rendered":"Lavaux"},"content":{"rendered":"<p>[et_pb_section fb_built=\u00a0\u00bb1&Prime; fullwidth=\u00a0\u00bbon\u00a0\u00bb custom_padding_last_edited=\u00a0\u00bbon|phone\u00a0\u00bb _builder_version=\u00a0\u00bb4.16&Prime; background_image=\u00a0\u00bbhttps:\/\/berthet-vins.ch\/wp-content\/uploads\/2020\/06\/region-lavaux-unesco.jpg\u00a0\u00bb background_position=\u00a0\u00bbtop_center\u00a0\u00bb custom_padding=\u00a0\u00bb270px||30px||false|false\u00a0\u00bb custom_padding_tablet=\u00a0\u00bb170px||30px||false|false\u00a0\u00bb custom_padding_phone=\u00a0\u00bb80px||10px||false|false\u00a0\u00bb global_colors_info=\u00a0\u00bb{}\u00a0\u00bb][et_pb_fullwidth_header title=\u00a0\u00bbLavaux\u00a0\u00bb admin_label=\u00a0\u00bbFullwidth Header &#8211; background image 1920 x 800px\u00a0\u00bb _builder_version=\u00a0\u00bb4.19.4&Prime; title_font=\u00a0\u00bbDorica Light|||||on|||\u00a0\u00bb title_text_align=\u00a0\u00bbcenter\u00a0\u00bb title_font_size=\u00a0\u00bb60px\u00a0\u00bb subhead_text_align=\u00a0\u00bbcenter\u00a0\u00bb background_color=\u00a0\u00bbrgba(255, 255, 255, 0)\u00a0\u00bb background_enable_image=\u00a0\u00bboff\u00a0\u00bb parallax=\u00a0\u00bbon\u00a0\u00bb parallax_method=\u00a0\u00bbon\u00a0\u00bb hover_enabled=\u00a0\u00bb0&Prime; global_colors_info=\u00a0\u00bb{}\u00a0\u00bb button_one_text_size__hover_enabled=\u00a0\u00bboff\u00a0\u00bb button_two_text_size__hover_enabled=\u00a0\u00bboff\u00a0\u00bb button_one_text_color__hover_enabled=\u00a0\u00bboff\u00a0\u00bb button_two_text_color__hover_enabled=\u00a0\u00bboff\u00a0\u00bb button_one_border_width__hover_enabled=\u00a0\u00bboff\u00a0\u00bb button_two_border_width__hover_enabled=\u00a0\u00bboff\u00a0\u00bb button_one_border_color__hover_enabled=\u00a0\u00bboff\u00a0\u00bb button_two_border_color__hover_enabled=\u00a0\u00bboff\u00a0\u00bb button_one_border_radius__hover_enabled=\u00a0\u00bboff\u00a0\u00bb button_two_border_radius__hover_enabled=\u00a0\u00bboff\u00a0\u00bb button_one_letter_spacing__hover_enabled=\u00a0\u00bboff\u00a0\u00bb button_two_letter_spacing__hover_enabled=\u00a0\u00bboff\u00a0\u00bb button_one_bg_color__hover_enabled=\u00a0\u00bboff\u00a0\u00bb button_two_bg_color__hover_enabled=\u00a0\u00bboff\u00a0\u00bb sticky_enabled=\u00a0\u00bb0&Prime;][\/et_pb_fullwidth_header][\/et_pb_section][et_pb_section fb_built=\u00a0\u00bb1&Prime; _builder_version=\u00a0\u00bb4.16&Prime; custom_padding=\u00a0\u00bb||0px|\u00a0\u00bb global_colors_info=\u00a0\u00bb{}\u00a0\u00bb][et_pb_row module_class=\u00a0\u00bbdd-intro-text\u00a0\u00bb _builder_version=\u00a0\u00bb4.16&Prime; custom_padding=\u00a0\u00bb||0px|\u00a0\u00bb global_colors_info=\u00a0\u00bb{}\u00a0\u00bb][et_pb_column type=\u00a0\u00bb4_4&Prime; _builder_version=\u00a0\u00bb4.16&Prime; custom_padding=\u00a0\u00bb|||\u00a0\u00bb global_colors_info=\u00a0\u00bb{}\u00a0\u00bb custom_padding__hover=\u00a0\u00bb|||\u00a0\u00bb][et_pb_text _builder_version=\u00a0\u00bb4.16&Prime; text_font=\u00a0\u00bb|||on|||||\u00a0\u00bb text_orientation=\u00a0\u00bbcenter\u00a0\u00bb custom_margin=\u00a0\u00bb||40px||false|false\u00a0\u00bb global_colors_info=\u00a0\u00bb{}\u00a0\u00bb]<\/p>\n<h2>Lavaux, une r\u00e9gion pittoresque<\/h2>\n<p>[\/et_pb_text][et_pb_text _builder_version=\u00a0\u00bb4.16&Prime; custom_margin=\u00a0\u00bb10px||0px||false|false\u00a0\u00bb custom_padding=\u00a0\u00bb0px||||false|false\u00a0\u00bb global_colors_info=\u00a0\u00bb{}\u00a0\u00bb]<\/p>\n<h3>Sa viticulture<\/h3>\n<p>[\/et_pb_text][et_pb_text _builder_version=\u00a0\u00bb4.16&Prime; global_colors_info=\u00a0\u00bb{}\u00a0\u00bb]<\/p>\n<p>\u00c9troite bande de terre entre la masse d\u2019eau du L\u00e9man et un arri\u00e8re-pays vallonn\u00e9 et collinaire, Lavaux est rest\u00e9 durant des mill\u00e9naires un coteau inculte et broussailleux. Les premiers vignobles furent sans doute plant\u00e9s pr\u00e8s des lieux habit\u00e9s proches du lac. La mise en culture de la zone la plus raide, le D\u00e9zaley, remonte \u00e0 la seconde moiti\u00e9 du XIIe si\u00e8cle gr\u00e2ce aux efforts des moines cisterciens.<\/p>\n<p>[\/et_pb_text][et_pb_text _builder_version=\u00a0\u00bb4.16&Prime; custom_margin=\u00a0\u00bb||-1px||false|false\u00a0\u00bb global_colors_info=\u00a0\u00bb{}\u00a0\u00bb]<\/p>\n<h4>Une influence du lac b\u00e9n\u00e9fique<\/h4>\n<p>[\/et_pb_text][et_pb_text _builder_version=\u00a0\u00bb4.16&Prime; custom_margin=\u00a0\u00bb||50px||false|false\u00a0\u00bb global_colors_info=\u00a0\u00bb{}\u00a0\u00bb]<\/p>\n<p>L\u2019influence du lac L\u00e9man sur le climat de Lavaux est de toute premi\u00e8re importance. La r\u00e9gion b\u00e9n\u00e9ficie, comme on a coutume de le dire, de trois soleils : l\u2019astre lui-m\u00eame, la r\u00e9flexion de ses rayons par le lac et la restitution nocturne de la chaleur accumul\u00e9e par les murs de vigne.<\/p>\n<p>La nature a fait la pente, l\u2019homme est intervenu pour la ma\u00eetriser. Ce dernier a d\u00fb lutter sans rel\u00e2che contre l\u2019\u00e9rosion, en guidant l\u2019eau vers les ruisseaux et en freinant le ruissellement pour maintenir la terre en place, ainsi qu\u2019en cr\u00e9ant des murs qui diminuent la pente.<\/p>\n<p>Le vignoble de Lavaux se caract\u00e9rise par une nette pr\u00e9dominance de la propri\u00e9t\u00e9 familiale, rare jusqu\u2019\u00e0 la R\u00e9forme (XVIe si\u00e8cle). Aujourd\u2019hui, le vignoble, de Lutry jusqu\u2019\u00e0 Chardonne, compte plus de 1800 propri\u00e9taires et quelque 1150 exploitations.<\/p>\n<p>[\/et_pb_text][et_pb_text _builder_version=\u00a0\u00bb4.16&Prime; custom_margin=\u00a0\u00bb10px||0px||false|false\u00a0\u00bb custom_padding=\u00a0\u00bb0px||||false|false\u00a0\u00bb global_colors_info=\u00a0\u00bb{}\u00a0\u00bb]<\/p>\n<h3>Patrimoine mondial de l\u2019humanit\u00e9 de l\u2019UNESCO<\/h3>\n<p>[\/et_pb_text][et_pb_text _builder_version=\u00a0\u00bb4.16&Prime; global_colors_info=\u00a0\u00bb{}\u00a0\u00bb]<\/p>\n<p>Le vignoble de Lavaux est inscrit au <em><a href=\"http:\/\/whc.unesco.org\/en\/list\/1243\" target=\"_blank\" rel=\"noopener\">patrimoine mondial de l\u2019humanit\u00e9 de l\u2019UNESCO<\/a><\/em> depuis 2007. Il s&rsquo;\u00e9tend sur 702 hectares, subdivis\u00e9s en sept lieux de production :<\/p>\n<p>[\/et_pb_text][et_pb_text ul_item_indent=\u00a0\u00bb90px\u00a0\u00bb _builder_version=\u00a0\u00bb4.16&Prime; custom_margin=\u00a0\u00bb-9px||||false|false\u00a0\u00bb global_colors_info=\u00a0\u00bb{}\u00a0\u00bb]<\/p>\n<ul>\n<li>Lutry: 73 hectares<\/li>\n<li>Villette: 176 hectares<\/li>\n<li>Epesses: 134 hectares<\/li>\n<li>Calamin: 16 hectares<\/li>\n<li>D\u00e9zaley: 54 hectares<\/li>\n<li>Saint-Saphorin: 128 hectares<\/li>\n<li>Chardonne: 121 hectares<\/li>\n<\/ul>\n<p>[\/et_pb_text][et_pb_text _builder_version=\u00a0\u00bb4.16&Prime; custom_margin=\u00a0\u00bb||-1px||false|false\u00a0\u00bb global_colors_info=\u00a0\u00bb{}\u00a0\u00bb]<\/p>\n<h4>Chaque bouteille achet\u00e9e contribue \u00e0 la pr\u00e9servation de ce patrimoine<\/h4>\n<p>[\/et_pb_text][et_pb_text _builder_version=\u00a0\u00bb4.16&Prime; global_colors_info=\u00a0\u00bb{}\u00a0\u00bb]<\/p>\n<p>La quasi-totalit\u00e9 des vins de Lavaux est vendue en Suisse. L\u2019exportation, tr\u00e8s faible, tend n\u00e9anmoins \u00e0 se d\u00e9velopper.<\/p>\n<p>La beaut\u00e9 du site de Lavaux est totalement li\u00e9e \u00e0 l\u2019existence de la vigne. Comment assurer l\u2019avenir du vignoble si ce n\u2019est en assurant celui des vignerons qui le cultivent ? Le seul moyen est de valoriser la vigne et le vin. Il s\u2019agit donc de bien comprendre qu\u2019une bouteille de vin de Lavaux pay\u00e9e \u00e0 son juste prix contribue de fa\u00e7on directe au maintien de ce site exceptionnel.<\/p>\n<p>[\/et_pb_text][et_pb_text _builder_version=\u00a0\u00bb4.16&Prime; text_font=\u00a0\u00bb||||||||\u00a0\u00bb text_text_color=\u00a0\u00bb#474747&Prime; global_colors_info=\u00a0\u00bb{}\u00a0\u00bb]<\/p>\n<h4>D\u00e9couvrez nos vins divins en direct <span style=\"text-decoration: underline;\"><a href=\"\/nos-vins\">ici<\/a><\/span> !<\/h4>\n<p>[\/et_pb_text][et_pb_text _builder_version=\u00a0\u00bb4.16&Prime; text_font=\u00a0\u00bb||on||||||\u00a0\u00bb global_colors_info=\u00a0\u00bb{}\u00a0\u00bb]<\/p>\n<p>Source : SIMON, Jean-Louis, MURISIER, Fran\u00e7ois, \u00ab Viticulture \u00bb, in Lavaux, Vignoble en terrasses face au lac et aux Alpes, Dossier de candidature de Lavaux au patrimoine mondial de l\u2019UNESCO, Cully, Janvier 2006, pp. 65-74.<\/p>\n<p>[\/et_pb_text][\/et_pb_column][\/et_pb_row][\/et_pb_section][et_pb_section fb_built=\u00a0\u00bb1&Prime; module_class=\u00a0\u00bbdd-timeline-section\u00a0\u00bb _builder_version=\u00a0\u00bb4.16&Prime; custom_padding=\u00a0\u00bb9px|||||\u00a0\u00bb global_colors_info=\u00a0\u00bb{}\u00a0\u00bb][\/et_pb_section]<\/p>\n","protected":false},"excerpt":{"rendered":"<p>Lavaux, une r\u00e9gion pittoresqueSa viticulture\u00c9troite bande de terre entre la masse d\u2019eau du L\u00e9man et un arri\u00e8re-pays vallonn\u00e9 et collinaire, Lavaux est rest\u00e9 durant des mill\u00e9naires un coteau inculte et broussailleux. Les premiers vignobles furent sans doute plant\u00e9s pr\u00e8s des lieux habit\u00e9s proches du lac. La mise en culture de la zone la plus raide, [&hellip;]<\/p>\n","protected":false},"author":1,"featured_media":0,"parent":0,"menu_order":0,"comment_status":"closed","ping_status":"closed","template":"","meta":{"_et_pb_use_builder":"on","_et_pb_old_content":"","_et_gb_content_width":"","footnotes":""},"class_list":["post-1634","page","type-page","status-publish","hentry"],"_links":{"self":[{"href":"https:\/\/berthet-vins.ch\/fr\/wp-json\/wp\/v2\/pages\/1634","targetHints":{"allow":["GET"]}}],"collection":[{"href":"https:\/\/berthet-vins.ch\/fr\/wp-json\/wp\/v2\/pages"}],"about":[{"href":"https:\/\/berthet-vins.ch\/fr\/wp-json\/wp\/v2\/types\/page"}],"author":[{"embeddable":true,"href":"https:\/\/berthet-vins.ch\/fr\/wp-json\/wp\/v2\/users\/1"}],"replies":[{"embeddable":true,"href":"https:\/\/berthet-vins.ch\/fr\/wp-json\/wp\/v2\/comments?post=1634"}],"version-history":[{"count":8,"href":"https:\/\/berthet-vins.ch\/fr\/wp-json\/wp\/v2\/pages\/1634\/revisions"}],"predecessor-version":[{"id":3610,"href":"https:\/\/berthet-vins.ch\/fr\/wp-json\/wp\/v2\/pages\/1634\/revisions\/3610"}],"wp:attachment":[{"href":"https:\/\/berthet-vins.ch\/fr\/wp-json\/wp\/v2\/media?parent=1634"}],"curies":[{"name":"wp","href":"https:\/\/api.w.org\/{rel}","templated":true}]}}