{"id":2438,"date":"2020-07-27T18:30:16","date_gmt":"2020-07-27T16:30:16","guid":{"rendered":"https:\/\/berthet-vins.site\/?page_id=2438"},"modified":"2025-07-09T20:58:58","modified_gmt":"2025-07-09T18:58:58","slug":"conditions-de-vente-lb","status":"publish","type":"page","link":"https:\/\/berthet-vins.ch\/fr\/conditions-de-vente-lb\/","title":{"rendered":"Conditions de vente (page LB)"},"content":{"rendered":"<p>[et_pb_section fb_built=\u00a0\u00bb1&Prime; fullwidth=\u00a0\u00bbon\u00a0\u00bb custom_padding_last_edited=\u00a0\u00bbon|phone\u00a0\u00bb disabled_on=\u00a0\u00bbon|on|on\u00a0\u00bb _builder_version=\u00a0\u00bb4.16&Prime; background_image=\u00a0\u00bbhttps:\/\/berthet-vins.ch\/wp-content\/uploads\/2020\/05\/Vins_laurent_berthet-1.jpg\u00a0\u00bb background_position=\u00a0\u00bbtop_center\u00a0\u00bb custom_padding=\u00a0\u00bb||||false|false\u00a0\u00bb custom_padding_tablet=\u00a0\u00bb170px||30px||false|false\u00a0\u00bb custom_padding_phone=\u00a0\u00bb80px||10px||false|false\u00a0\u00bb disabled=\u00a0\u00bbon\u00a0\u00bb global_colors_info=\u00a0\u00bb{}\u00a0\u00bb][et_pb_fullwidth_header admin_label=\u00a0\u00bbFullwidth Header &#8211; background image 1920 x 800px\u00a0\u00bb _builder_version=\u00a0\u00bb4.16&Prime; title_font=\u00a0\u00bbAlex Brush||||||||\u00a0\u00bb title_text_align=\u00a0\u00bbcenter\u00a0\u00bb title_font_size=\u00a0\u00bb60px\u00a0\u00bb subhead_text_align=\u00a0\u00bbcenter\u00a0\u00bb background_color=\u00a0\u00bbrgba(255, 255, 255, 0)\u00a0\u00bb background_enable_image=\u00a0\u00bboff\u00a0\u00bb parallax=\u00a0\u00bbon\u00a0\u00bb parallax_method=\u00a0\u00bbon\u00a0\u00bb custom_padding=\u00a0\u00bb200px||||false|false\u00a0\u00bb custom_padding_tablet=\u00a0\u00bb\u00a0\u00bb custom_padding_phone=\u00a0\u00bb0px||||false|false\u00a0\u00bb custom_padding_last_edited=\u00a0\u00bbon|phone\u00a0\u00bb global_colors_info=\u00a0\u00bb{}\u00a0\u00bb button_one_text_size__hover_enabled=\u00a0\u00bboff\u00a0\u00bb button_two_text_size__hover_enabled=\u00a0\u00bboff\u00a0\u00bb button_one_text_color__hover_enabled=\u00a0\u00bboff\u00a0\u00bb button_two_text_color__hover_enabled=\u00a0\u00bboff\u00a0\u00bb button_one_border_width__hover_enabled=\u00a0\u00bboff\u00a0\u00bb button_two_border_width__hover_enabled=\u00a0\u00bboff\u00a0\u00bb button_one_border_color__hover_enabled=\u00a0\u00bboff\u00a0\u00bb button_two_border_color__hover_enabled=\u00a0\u00bboff\u00a0\u00bb button_one_border_radius__hover_enabled=\u00a0\u00bboff\u00a0\u00bb button_two_border_radius__hover_enabled=\u00a0\u00bboff\u00a0\u00bb button_one_letter_spacing__hover_enabled=\u00a0\u00bboff\u00a0\u00bb button_two_letter_spacing__hover_enabled=\u00a0\u00bboff\u00a0\u00bb button_one_bg_color__hover_enabled=\u00a0\u00bboff\u00a0\u00bb button_two_bg_color__hover_enabled=\u00a0\u00bboff\u00a0\u00bb][\/et_pb_fullwidth_header][\/et_pb_section][et_pb_section fb_built=\u00a0\u00bb1&Prime; _builder_version=\u00a0\u00bb4.16&Prime; global_colors_info=\u00a0\u00bb{}\u00a0\u00bb][et_pb_row _builder_version=\u00a0\u00bb4.16&Prime; background_size=\u00a0\u00bbinitial\u00a0\u00bb background_position=\u00a0\u00bbtop_left\u00a0\u00bb background_repeat=\u00a0\u00bbrepeat\u00a0\u00bb global_colors_info=\u00a0\u00bb{}\u00a0\u00bb][et_pb_column type=\u00a0\u00bb4_4&Prime; _builder_version=\u00a0\u00bb4.16&Prime; custom_padding=\u00a0\u00bb|||\u00a0\u00bb global_colors_info=\u00a0\u00bb{}\u00a0\u00bb custom_padding__hover=\u00a0\u00bb|||\u00a0\u00bb][et_pb_text _builder_version=\u00a0\u00bb4.16&Prime; text_font=\u00a0\u00bb|||on|||||\u00a0\u00bb text_orientation=\u00a0\u00bbcenter\u00a0\u00bb hover_enabled=\u00a0\u00bb0&Prime; global_colors_info=\u00a0\u00bb{}\u00a0\u00bb sticky_enabled=\u00a0\u00bb0&Prime;]<\/p>\n<h2>Nos conditions g\u00e9n\u00e9rales de ventes<\/h2>\n<p>[\/et_pb_text][et_pb_text _builder_version=\u00a0\u00bb4.16&Prime; text_font=\u00a0\u00bb|||on|||||\u00a0\u00bb custom_margin=\u00a0\u00bb0px||0px||false|false\u00a0\u00bb custom_padding=\u00a0\u00bb20px||||false|false\u00a0\u00bb hover_enabled=\u00a0\u00bb0&Prime; global_colors_info=\u00a0\u00bb{}\u00a0\u00bb sticky_enabled=\u00a0\u00bb0&Prime;]<\/p>\n<h3>Paiement, devises &amp; taxes<\/h3>\n<p>[\/et_pb_text][et_pb_text _builder_version=\u00a0\u00bb4.16&Prime; text_font=\u00a0\u00bb||||||||\u00a0\u00bb custom_margin=\u00a0\u00bb||0px||false|false\u00a0\u00bb hover_enabled=\u00a0\u00bb0&Prime; global_colors_info=\u00a0\u00bb{}\u00a0\u00bb sticky_enabled=\u00a0\u00bb0&Prime;]<\/p>\n<p>Le paiement se fait par cartes de cr\u00e9dit ou bancaire, en utilisant notre plate-forme s\u00e9curis\u00e9e SSL. Les cartes suivantes sont accept\u00e9es: Mastercard, Visa Maestro. Les prix sont exprim\u00e9s en francs suisses (CHF), TVA 7,7% incluse.<\/p>\n<p>[\/et_pb_text][et_pb_text _builder_version=\u00a0\u00bb4.16&Prime; text_font=\u00a0\u00bb|||on|||||\u00a0\u00bb custom_margin=\u00a0\u00bb30px||0px||false|false\u00a0\u00bb global_colors_info=\u00a0\u00bb{}\u00a0\u00bb]<\/p>\n<h3>P\u00e9rim\u00e8tre de livraison<\/h3>\n<p>[\/et_pb_text][et_pb_text _builder_version=\u00a0\u00bb4.16&Prime; text_font=\u00a0\u00bb||||||||\u00a0\u00bb custom_margin=\u00a0\u00bb||0px||false|false\u00a0\u00bb hover_enabled=\u00a0\u00bb0&Prime; global_colors_info=\u00a0\u00bb{}\u00a0\u00bb sticky_enabled=\u00a0\u00bb0&Prime;]<\/p>\n<p>Les commandes en ligne ne sont prises en compte que pour des livraisons en Suisse. Pour des livraisons \u00e0 l&rsquo;\u00e9tranger, veuillez nous contacter par t\u00e9l\u00e9phone au num\u00e9ro +41 (0) 21 799 36 30 ou par e-mail \u00e0 info@vins-berthet.ch<\/p>\n<p>[\/et_pb_text][et_pb_text _builder_version=\u00a0\u00bb4.16&Prime; text_font=\u00a0\u00bb|||on|||||\u00a0\u00bb custom_margin=\u00a0\u00bb30px||0px||false|false\u00a0\u00bb global_colors_info=\u00a0\u00bb{}\u00a0\u00bb]<\/p>\n<h3>D\u00e9lais de livraison<\/h3>\n<p>[\/et_pb_text][et_pb_text _builder_version=\u00a0\u00bb4.16&Prime; text_font=\u00a0\u00bb||||||||\u00a0\u00bb custom_margin=\u00a0\u00bb||0px||false|false\u00a0\u00bb hover_enabled=\u00a0\u00bb0&Prime; global_colors_info=\u00a0\u00bb{}\u00a0\u00bb sticky_enabled=\u00a0\u00bb0&Prime;]<\/p>\n<p>En principe, les livraisons sont effectu\u00e9es 1 \u00e0 2 semaines apr\u00e8s la r\u00e9ception de la commande.<\/p>\n<p>[\/et_pb_text][et_pb_text _builder_version=\u00a0\u00bb4.27.4&Prime; text_font=\u00a0\u00bb|||on|||||\u00a0\u00bb custom_margin=\u00a0\u00bb30px||0px||false|false\u00a0\u00bb hover_enabled=\u00a0\u00bb0&Prime; global_colors_info=\u00a0\u00bb{}\u00a0\u00bb admin_label=\u00a0\u00bbEmballages et frais de livraison\u00a0\u00bb sticky_enabled=\u00a0\u00bb0&Prime;]<\/p>\n<h3>Emballages et frais de livraison<\/h3>\n<p>[\/et_pb_text][et_pb_text _builder_version=\u00a0\u00bb4.27.4&Prime; text_font=\u00a0\u00bb||||||||\u00a0\u00bb custom_margin=\u00a0\u00bb||0px||false|false\u00a0\u00bb hover_enabled=\u00a0\u00bb0&Prime; global_colors_info=\u00a0\u00bb{}\u00a0\u00bb sticky_enabled=\u00a0\u00bb0&Prime;]<\/p>\n<p>Compte tenu des contraintes de conditionnement, nous vous rendons attentifs que l&rsquo;unit\u00e9 de commande doit se comprendre par carton de 6 bouteilles (panachage possible au sein d\u2019un carton).<\/p>\n<p>Les frais de livraison sont calcul\u00e9s selon la tabelle suivante :<\/p>\n<p>\u25aa\u00a0 Aucun frais de livraison n\u2019est factur\u00e9 pour les commandes d\u2019une valeur sup\u00e9rieure \u00e0 <strong>CHF 300.-.<\/strong><\/p>\n<p>\u25aa\u00a0 En dessous de ce montant, une participation aux frais de livraison de <strong>CHF 12.-<\/strong> est factur\u00e9e.<\/p>\n<p>[\/et_pb_text][et_pb_text _builder_version=\u00a0\u00bb4.16&Prime; text_font=\u00a0\u00bb|||on|||||\u00a0\u00bb custom_margin=\u00a0\u00bb30px||0px||false|false\u00a0\u00bb global_colors_info=\u00a0\u00bb{}\u00a0\u00bb]<\/p>\n<h3>Annulation des commandes et droit de retour<\/h3>\n<p>[\/et_pb_text][et_pb_text _builder_version=\u00a0\u00bb4.16&Prime; text_font=\u00a0\u00bb||||||||\u00a0\u00bb custom_margin=\u00a0\u00bb||0px||false|false\u00a0\u00bb global_colors_info=\u00a0\u00bb{}\u00a0\u00bb]<\/p>\n<p>Les cas d\u2019inex\u00e9cution du contrat sont soumis au r\u00e9gime l\u00e9gal suisse. Nous rendons le client attentif qu\u2019une fois valid\u00e9e, la commande ne pourra pas \u00eatre annul\u00e9e. Le client a l\u2019obligation de contr\u00f4ler les articles re\u00e7us. En cas de non-conformit\u00e9 de la commande, le client doit nous aviser sans d\u00e9lai par e-mail \u00e0 info@vins-berthet.ch ou par t\u00e9l\u00e9phone au 021 799 36 30. Nous organiserons l\u2019\u00e9ventuel retour des articles et indiquerons au client la proc\u00e9dure \u00e0 suivre.<\/p>\n<p>[\/et_pb_text][et_pb_text _builder_version=\u00a0\u00bb4.16&Prime; text_font=\u00a0\u00bb|||on|||||\u00a0\u00bb custom_margin=\u00a0\u00bb30px||0px||false|false\u00a0\u00bb global_colors_info=\u00a0\u00bb{}\u00a0\u00bb]<\/p>\n<h3>Droit applicable<\/h3>\n<p>[\/et_pb_text][et_pb_text _builder_version=\u00a0\u00bb4.16&Prime; text_font=\u00a0\u00bb||||||||\u00a0\u00bb custom_margin=\u00a0\u00bb||0px||false|false\u00a0\u00bb global_colors_info=\u00a0\u00bb{}\u00a0\u00bb]<\/p>\n<p>Les pr\u00e9sentes conditions de vente sont soumises exclusivement au droit suisse. En utilisant le service de vente en ligne, les clients de Laurent Berthet s&rsquo;engagent \u00e0 respecter toutes les dispositions utiles du droit f\u00e9d\u00e9ral et du droit cantonal ainsi que les pr\u00e9sentes conditions de vente. Ils sont notamment rendus attentifs au fait qu&rsquo;en vertu de l&rsquo;art. 38 de la loi cantonale sur l&rsquo;h\u00f4tellerie, la restauration et le commerce des boissons alcooliques, les enfants ou adolescents de moins de 16 ans ne peuvent acc\u00e9der au service de vente en ligne.<\/p>\n<p>[\/et_pb_text][et_pb_text _builder_version=\u00a0\u00bb4.16&Prime; text_font=\u00a0\u00bb|||on|||||\u00a0\u00bb custom_margin=\u00a0\u00bb30px||0px||false|false\u00a0\u00bb global_colors_info=\u00a0\u00bb{}\u00a0\u00bb]<\/p>\n<h3>For juridique<\/h3>\n<p>[\/et_pb_text][et_pb_text _builder_version=\u00a0\u00bb4.16&Prime; text_font=\u00a0\u00bb||||||||\u00a0\u00bb custom_margin=\u00a0\u00bb||0px||false|false\u00a0\u00bb global_colors_info=\u00a0\u00bb{}\u00a0\u00bb]<\/p>\n<p>Le for est \u00e0 1096 Cully \/ VD, en Suisse.<\/p>\n<p>[\/et_pb_text][et_pb_text _builder_version=\u00a0\u00bb4.16&Prime; text_font=\u00a0\u00bb||||||||\u00a0\u00bb text_text_color=\u00a0\u00bb#d09100&Prime; text_font_size=\u00a0\u00bb18px\u00a0\u00bb background_size=\u00a0\u00bbinitial\u00a0\u00bb background_position=\u00a0\u00bbtop_left\u00a0\u00bb background_repeat=\u00a0\u00bbrepeat\u00a0\u00bb global_colors_info=\u00a0\u00bb{}\u00a0\u00bb]<\/p>\n<p>&nbsp;<\/p>\n<p>Notre but est de vous servir au mieux. Si la qualit\u00e9 de nos vins ou de nos services ne vous ont pas satisfait, n\u2019h\u00e9sitez pas \u00e0 nous contacter.<\/p>\n<p><!-- \/divi:heading --><\/p>\n<p>[\/et_pb_text][et_pb_text _builder_version=\u00a0\u00bb4.16&Prime; background_size=\u00a0\u00bbinitial\u00a0\u00bb background_position=\u00a0\u00bbtop_left\u00a0\u00bb background_repeat=\u00a0\u00bbrepeat\u00a0\u00bb global_colors_info=\u00a0\u00bb{}\u00a0\u00bb]<\/p>\n<p>Laurent Berthet &#8211; Notre vigne, votre plaisir<\/p>\n<p><!-- \/divi:heading --><\/p>\n<p>[\/et_pb_text][\/et_pb_column][\/et_pb_row][\/et_pb_section]<\/p>\n","protected":false},"excerpt":{"rendered":"<p>Nos conditions g\u00e9n\u00e9rales de ventesPaiement, devises &amp; taxesLe paiement se fait par cartes de cr\u00e9dit ou bancaire, en utilisant notre plate-forme s\u00e9curis\u00e9e SSL. Les cartes suivantes sont accept\u00e9es: Mastercard, Visa Maestro. Les prix sont exprim\u00e9s en francs suisses (CHF), TVA 7,7% incluse.P\u00e9rim\u00e8tre de livraisonLes commandes en ligne ne sont prises en compte que pour des [&hellip;]<\/p>\n","protected":false},"author":1,"featured_media":0,"parent":0,"menu_order":0,"comment_status":"closed","ping_status":"closed","template":"","meta":{"_et_pb_use_builder":"on","_et_pb_old_content":"<!-- wp:heading -->\r\n<h2>Who we are<\/h2>\r\n<!-- \/wp:heading -->\r\n\r\n<!-- wp:paragraph -->\r\n<p>Our website address is: https:\/\/berthet-vins.site.<\/p>\r\n<!-- \/wp:paragraph -->\r\n\r\n<!-- wp:heading -->\r\n<h2>What personal data we collect and why we collect it<\/h2>\r\n<!-- \/wp:heading -->\r\n\r\n<!-- wp:heading {\"level\":3} -->\r\n<h3>Comments<\/h3>\r\n<!-- \/wp:heading -->\r\n\r\n<!-- wp:paragraph -->\r\n<p>When visitors leave comments on the site we collect the data shown in the comments form, and also the visitor\u2019s IP address and browser user agent string to help spam detection.<\/p>\r\n<!-- \/wp:paragraph -->\r\n\r\n<!-- wp:paragraph -->\r\n<p>An anonymized string created from your email address (also called a hash) may be provided to the Gravatar service to see if you are using it. The Gravatar service privacy policy is available here: https:\/\/automattic.com\/privacy\/. After approval of your comment, your profile picture is visible to the public in the context of your comment.<\/p>\r\n<!-- \/wp:paragraph -->\r\n\r\n<!-- wp:heading {\"level\":3} -->\r\n<h3>Media<\/h3>\r\n<!-- \/wp:heading -->\r\n\r\n<!-- wp:paragraph -->\r\n<p>If you upload images to the website, you should avoid uploading images with embedded location data (EXIF GPS) included. Visitors to the website can download and extract any location data from images on the website.<\/p>\r\n<!-- \/wp:paragraph -->\r\n\r\n<!-- wp:heading {\"level\":3} -->\r\n<h3>Contact forms<\/h3>\r\n<!-- \/wp:heading -->\r\n\r\n<!-- wp:heading {\"level\":3} -->\r\n<h3>Cookies<\/h3>\r\n<!-- \/wp:heading -->\r\n\r\n<!-- wp:paragraph -->\r\n<p>If you leave a comment on our site you may opt-in to saving your name, email address and website in cookies. These are for your convenience so that you do not have to fill in your details again when you leave another comment. These cookies will last for one year.<\/p>\r\n<!-- \/wp:paragraph -->\r\n\r\n<!-- wp:paragraph -->\r\n<p>If you visit our login page, we will set a temporary cookie to determine if your browser accepts cookies. This cookie contains no personal data and is discarded when you close your browser.<\/p>\r\n<!-- \/wp:paragraph -->\r\n\r\n<!-- wp:paragraph -->\r\n<p>When you log in, we will also set up several cookies to save your login information and your screen display choices. Login cookies last for two days, and screen options cookies last for a year. If you select \"Remember Me\", your login will persist for two weeks. If you log out of your account, the login cookies will be removed.<\/p>\r\n<!-- \/wp:paragraph -->\r\n\r\n<!-- wp:paragraph -->\r\n<p>If you edit or publish an article, an additional cookie will be saved in your browser. This cookie includes no personal data and simply indicates the post ID of the article you just edited. It expires after 1 day.<\/p>\r\n<!-- \/wp:paragraph -->\r\n\r\n<!-- wp:heading {\"level\":3} -->\r\n<h3>Embedded content from other websites<\/h3>\r\n<!-- \/wp:heading -->\r\n\r\n<!-- wp:paragraph -->\r\n<p>Articles on this site may include embedded content (e.g. videos, images, articles, etc.). Embedded content from other websites behaves in the exact same way as if the visitor has visited the other website.<\/p>\r\n<!-- \/wp:paragraph -->\r\n\r\n<!-- wp:paragraph -->\r\n<p>These websites may collect data about you, use cookies, embed additional third-party tracking, and monitor your interaction with that embedded content, including tracking your interaction with the embedded content if you have an account and are logged in to that website.<\/p>\r\n<!-- \/wp:paragraph -->\r\n\r\n<!-- wp:heading {\"level\":3} -->\r\n<h3>Analytics<\/h3>\r\n<!-- \/wp:heading -->\r\n\r\n<!-- wp:heading -->\r\n<h2>Who we share your data with<\/h2>\r\n<!-- \/wp:heading -->\r\n\r\n<!-- wp:heading -->\r\n<h2>How long we retain your data<\/h2>\r\n<!-- \/wp:heading -->\r\n\r\n<!-- wp:paragraph -->\r\n<p>If you leave a comment, the comment and its metadata are retained indefinitely. This is so we can recognize and approve any follow-up comments automatically instead of holding them in a moderation queue.<\/p>\r\n<!-- \/wp:paragraph -->\r\n\r\n<!-- wp:paragraph -->\r\n<p>For users that register on our website (if any), we also store the personal information they provide in their user profile. All users can see, edit, or delete their personal information at any time (except they cannot change their username). Website administrators can also see and edit that information.<\/p>\r\n<!-- \/wp:paragraph -->\r\n\r\n<!-- wp:heading -->\r\n<h2>What rights you have over your data<\/h2>\r\n<!-- \/wp:heading -->\r\n\r\n<!-- wp:paragraph -->\r\n<p>If you have an account on this site, or have left comments, you can request to receive an exported file of the personal data we hold about you, including any data you have provided to us. You can also request that we erase any personal data we hold about you. This does not include any data we are obliged to keep for administrative, legal, or security purposes.<\/p>\r\n<!-- \/wp:paragraph -->\r\n\r\n<!-- wp:heading -->\r\n<h2>Where we send your data<\/h2>\r\n<!-- \/wp:heading -->\r\n\r\n<!-- wp:paragraph -->\r\n<p>Visitor comments may be checked through an automated spam detection service.<\/p>\r\n<!-- \/wp:paragraph -->\r\n\r\n<!-- wp:heading -->\r\n<h2>Your contact information<\/h2>\r\n<!-- \/wp:heading -->\r\n\r\n<!-- wp:heading -->\r\n<h2>Additional information<\/h2>\r\n<!-- \/wp:heading -->\r\n\r\n<!-- wp:heading {\"level\":3} -->\r\n<h3>How we protect your data<\/h3>\r\n<!-- \/wp:heading -->\r\n\r\n<!-- wp:heading -->\r\n<h2>What data breach procedures we have in place<\/h2>\r\n<!-- \/wp:heading -->\r\n\r\n<!-- wp:heading {\"level\":3} -->\r\n<h3>What third parties we receive data from<\/h3>\r\n<!-- \/wp:heading -->\r\n\r\n<!-- wp:heading {\"level\":3} -->\r\n<h3>What automated decision making and\/or profiling we do with user data<\/h3>\r\n<!-- \/wp:heading -->\r\n\r\n<!-- wp:heading {\"level\":3} -->\r\n<h3>Industry regulatory disclosure requirements<\/h3>\r\n<!-- \/wp:heading -->","_et_gb_content_width":"","footnotes":""},"class_list":["post-2438","page","type-page","status-publish","hentry"],"_links":{"self":[{"href":"https:\/\/berthet-vins.ch\/fr\/wp-json\/wp\/v2\/pages\/2438","targetHints":{"allow":["GET"]}}],"collection":[{"href":"https:\/\/berthet-vins.ch\/fr\/wp-json\/wp\/v2\/pages"}],"about":[{"href":"https:\/\/berthet-vins.ch\/fr\/wp-json\/wp\/v2\/types\/page"}],"author":[{"embeddable":true,"href":"https:\/\/berthet-vins.ch\/fr\/wp-json\/wp\/v2\/users\/1"}],"replies":[{"embeddable":true,"href":"https:\/\/berthet-vins.ch\/fr\/wp-json\/wp\/v2\/comments?post=2438"}],"version-history":[{"count":4,"href":"https:\/\/berthet-vins.ch\/fr\/wp-json\/wp\/v2\/pages\/2438\/revisions"}],"predecessor-version":[{"id":4527,"href":"https:\/\/berthet-vins.ch\/fr\/wp-json\/wp\/v2\/pages\/2438\/revisions\/4527"}],"wp:attachment":[{"href":"https:\/\/berthet-vins.ch\/fr\/wp-json\/wp\/v2\/media?parent=2438"}],"curies":[{"name":"wp","href":"https:\/\/api.w.org\/{rel}","templated":true}]}}