{"id":82,"date":"2018-01-17T21:48:15","date_gmt":"2018-01-17T20:48:15","guid":{"rendered":"https:\/\/dividiva.com\/vinerie\/?page_id=82"},"modified":"2023-03-11T18:49:31","modified_gmt":"2023-03-11T17:49:31","slug":"histoire-du-domaine","status":"publish","type":"page","link":"https:\/\/berthet-vins.ch\/fr\/histoire-du-domaine\/","title":{"rendered":"Histoire du domaine"},"content":{"rendered":"<p>[et_pb_section fb_built=\u00a0\u00bb1&Prime; fullwidth=\u00a0\u00bbon\u00a0\u00bb custom_padding_last_edited=\u00a0\u00bbon|phone\u00a0\u00bb _builder_version=\u00a0\u00bb4.16&Prime; background_image=\u00a0\u00bbhttps:\/\/berthet-vins.ch\/wp-content\/uploads\/2020\/05\/Histoire_du_domaine_laurent_berthet.jpg\u00a0\u00bb custom_padding=\u00a0\u00bb270px||30px||false|false\u00a0\u00bb custom_padding_tablet=\u00a0\u00bb170px||30px||false|false\u00a0\u00bb custom_padding_phone=\u00a0\u00bb80px||10px||false|false\u00a0\u00bb global_colors_info=\u00a0\u00bb{}\u00a0\u00bb][et_pb_fullwidth_header title=\u00a0\u00bbHistoire du domaine\u00a0\u00bb admin_label=\u00a0\u00bbFullwidth Header &#8211; background image 1920 x 800px\u00a0\u00bb _builder_version=\u00a0\u00bb4.16&Prime; title_font=\u00a0\u00bbDorica Light|||||on|||\u00a0\u00bb title_text_align=\u00a0\u00bbcenter\u00a0\u00bb title_font_size=\u00a0\u00bb60px\u00a0\u00bb subhead_text_align=\u00a0\u00bbcenter\u00a0\u00bb background_color=\u00a0\u00bbrgba(255, 255, 255, 0)\u00a0\u00bb background_enable_image=\u00a0\u00bboff\u00a0\u00bb parallax=\u00a0\u00bbon\u00a0\u00bb parallax_method=\u00a0\u00bbon\u00a0\u00bb global_colors_info=\u00a0\u00bb{}\u00a0\u00bb button_one_text_size__hover_enabled=\u00a0\u00bboff\u00a0\u00bb button_two_text_size__hover_enabled=\u00a0\u00bboff\u00a0\u00bb button_one_text_color__hover_enabled=\u00a0\u00bboff\u00a0\u00bb button_two_text_color__hover_enabled=\u00a0\u00bboff\u00a0\u00bb button_one_border_width__hover_enabled=\u00a0\u00bboff\u00a0\u00bb button_two_border_width__hover_enabled=\u00a0\u00bboff\u00a0\u00bb button_one_border_color__hover_enabled=\u00a0\u00bboff\u00a0\u00bb button_two_border_color__hover_enabled=\u00a0\u00bboff\u00a0\u00bb button_one_border_radius__hover_enabled=\u00a0\u00bboff\u00a0\u00bb button_two_border_radius__hover_enabled=\u00a0\u00bboff\u00a0\u00bb button_one_letter_spacing__hover_enabled=\u00a0\u00bboff\u00a0\u00bb button_two_letter_spacing__hover_enabled=\u00a0\u00bboff\u00a0\u00bb button_one_bg_color__hover_enabled=\u00a0\u00bboff\u00a0\u00bb button_two_bg_color__hover_enabled=\u00a0\u00bboff\u00a0\u00bb][\/et_pb_fullwidth_header][\/et_pb_section][et_pb_section fb_built=\u00a0\u00bb1&Prime; _builder_version=\u00a0\u00bb4.16&Prime; custom_padding=\u00a0\u00bb||0px|\u00a0\u00bb global_colors_info=\u00a0\u00bb{}\u00a0\u00bb][et_pb_row module_class=\u00a0\u00bbdd-intro-text\u00a0\u00bb _builder_version=\u00a0\u00bb4.16&Prime; custom_padding=\u00a0\u00bb||0px|\u00a0\u00bb global_colors_info=\u00a0\u00bb{}\u00a0\u00bb][et_pb_column type=\u00a0\u00bb4_4&Prime; _builder_version=\u00a0\u00bb4.16&Prime; custom_padding=\u00a0\u00bb|||\u00a0\u00bb global_colors_info=\u00a0\u00bb{}\u00a0\u00bb custom_padding__hover=\u00a0\u00bb|||\u00a0\u00bb][et_pb_text _builder_version=\u00a0\u00bb4.16&Prime; text_font=\u00a0\u00bb|||on|||||\u00a0\u00bb text_orientation=\u00a0\u00bbcenter\u00a0\u00bb global_colors_info=\u00a0\u00bb{}\u00a0\u00bb]<\/p>\n<h2>Un peu d&rsquo;histoire<\/h2>\n<p>[\/et_pb_text][et_pb_text admin_label=\u00a0\u00bbText &#8211; Intro paragraph\u00a0\u00bb _builder_version=\u00a0\u00bb4.16&Prime; text_line_height=\u00a0\u00bb2em\u00a0\u00bb header_2_font=\u00a0\u00bb|||on|||||\u00a0\u00bb header_2_text_align=\u00a0\u00bbcenter\u00a0\u00bb text_orientation=\u00a0\u00bbcenter\u00a0\u00bb module_alignment=\u00a0\u00bbcenter\u00a0\u00bb custom_padding=\u00a0\u00bb|100px||100px\u00a0\u00bb custom_padding_tablet=\u00a0\u00bb\u00a0\u00bb custom_padding_phone=\u00a0\u00bb|0px||0px\u00a0\u00bb custom_padding_last_edited=\u00a0\u00bbon|phone\u00a0\u00bb global_colors_info=\u00a0\u00bb{}\u00a0\u00bb]<\/p>\n<p><span style=\"font-size: 20px;\">Depuis huit si\u00e8cles d\u00e9j\u00e0, les plants de Lavaux baignent dans le soleil qui ondule sur les rives vertigineuses du lac L\u00e9man, abrit\u00e9s par la chaleur nocturne des murets de vigne, et combl\u00e9s par des sols de nature morainique et min\u00e9rale.<\/span><\/p>\n<p>[\/et_pb_text][\/et_pb_column][\/et_pb_row][\/et_pb_section][et_pb_section fb_built=\u00a0\u00bb1&Prime; module_class=\u00a0\u00bbdd-timeline-section\u00a0\u00bb _builder_version=\u00a0\u00bb4.16&Prime; custom_padding=\u00a0\u00bb9px|||||\u00a0\u00bb global_colors_info=\u00a0\u00bb{}\u00a0\u00bb][et_pb_row module_class=\u00a0\u00bbdd-timeline\u00a0\u00bb _builder_version=\u00a0\u00bb4.16&Prime; global_colors_info=\u00a0\u00bb{}\u00a0\u00bb][et_pb_column type=\u00a0\u00bb4_4&Prime; _builder_version=\u00a0\u00bb4.16&Prime; custom_padding=\u00a0\u00bb|||\u00a0\u00bb global_colors_info=\u00a0\u00bb{}\u00a0\u00bb custom_padding__hover=\u00a0\u00bb|||\u00a0\u00bb][et_pb_blurb title=\u00a0\u00bbJean-Pierre et les ann\u00e9es 70&Prime; icon_placement=\u00a0\u00bbleft\u00a0\u00bb image_icon_width=\u00a0\u00bb200px\u00a0\u00bb content_max_width=\u00a0\u00bb500px\u00a0\u00bb admin_label=\u00a0\u00bbBlurb &#8211; blurb image 400 x 400px\u00a0\u00bb module_class=\u00a0\u00bbdd-timeline-event\u00a0\u00bb _builder_version=\u00a0\u00bb4.16&Prime; animation_direction=\u00a0\u00bbleft\u00a0\u00bb animation=\u00a0\u00bboff\u00a0\u00bb hover_transition_speed_curve_tablet=\u00a0\u00bb\u00a0\u00bb hover_transition_speed_curve_phone=\u00a0\u00bbease-in-out\u00a0\u00bb hover_transition_speed_curve_last_edited=\u00a0\u00bbon|phone\u00a0\u00bb image_max_width=\u00a0\u00bb200px\u00a0\u00bb global_colors_info=\u00a0\u00bb{}\u00a0\u00bb]<\/p>\n<p><span>L\u2019histoire du domaine d\u00e9bute dans les ann\u00e9es 70 : Jean-Pierre BERTHET, grand-p\u00e8re de Laurent, alors chef de culture d\u2019un grand domaine r\u00e9put\u00e9 de la r\u00e9gion, ach\u00e8te la vigne du Ch\u00e2telard, sise sur l\u2019appellation Villette. D\u00e8s la premi\u00e8re plantation, il opte pour une culture sur fils de fer, encore peu pratiqu\u00e9e \u00e0 l\u2019\u00e9poque dans cette r\u00e9gion.<\/span><\/p>\n<p>[\/et_pb_blurb][et_pb_blurb title=\u00a0\u00bbRoger et les ann\u00e9es 90&Prime; icon_placement=\u00a0\u00bbleft\u00a0\u00bb image_icon_width=\u00a0\u00bb200px\u00a0\u00bb content_max_width=\u00a0\u00bb500px\u00a0\u00bb admin_label=\u00a0\u00bbBlurb &#8211; blurb image 400 x 400px\u00a0\u00bb module_class=\u00a0\u00bbdd-timeline-event\u00a0\u00bb _builder_version=\u00a0\u00bb4.20.0&Prime; animation_direction=\u00a0\u00bbright\u00a0\u00bb animation=\u00a0\u00bboff\u00a0\u00bb hover_enabled=\u00a0\u00bb0&Prime; image_max_width=\u00a0\u00bb200px\u00a0\u00bb global_colors_info=\u00a0\u00bb{}\u00a0\u00bb sticky_enabled=\u00a0\u00bb0&Prime;]<\/p>\n<p>Son fils Roger BERTHET reprend le flambeau en 1987. Il proc\u00e8de au rachat de la maison \u00e0 Cully et de vignes voisines, parmi lesquelles notre fameux\u00a0<strong><a href=\"https:\/\/berthet-vins.ch\/fr\/nos-vins\/plant-robert\/\">Plant Robert<\/a><\/strong>, dont il effectue la premi\u00e8re mise en bouteille. Les techniques culturales \u00e9voluent peu \u00e0 peu, on assiste \u00e0 une transition vers une culture int\u00e9gr\u00e9e.<\/p>\n<p>[\/et_pb_blurb][et_pb_blurb title=\u00a0\u00bbLaurent et le d\u00e9but du 21e si\u00e8cle\u00a0\u00bb image=\u00a0\u00bbhttps:\/\/berthet-vins.site\/wp-content\/uploads\/2020\/06\/Laurent_berthet.jpg\u00a0\u00bb icon_placement=\u00a0\u00bbleft\u00a0\u00bb image_icon_width=\u00a0\u00bb200px\u00a0\u00bb content_max_width=\u00a0\u00bb500px\u00a0\u00bb admin_label=\u00a0\u00bbBlurb &#8211; blurb image 400 x 400px\u00a0\u00bb module_class=\u00a0\u00bbdd-timeline-event\u00a0\u00bb _builder_version=\u00a0\u00bb4.16&Prime; animation_direction=\u00a0\u00bbright\u00a0\u00bb animation=\u00a0\u00bboff\u00a0\u00bb image_max_width=\u00a0\u00bb200px\u00a0\u00bb global_colors_info=\u00a0\u00bb{}\u00a0\u00bb]<\/p>\n<p>Laurent BERTHET reprend l\u2019exploitation en 2004. Il effectue peu de temps apr\u00e8s la premi\u00e8re vinification au sein m\u00eame de la maison familiale. Il plante de nouvelles vari\u00e9t\u00e9s qui entra\u00eenent une diversification de l\u2019enc\u00e9pagement et de la carte des vins. En 2010, Laurent entreprend des travaux d\u2019agrandissement de la maison et construit la cave actuelle.<\/p>\n<p>&nbsp;<\/p>\n<p>[\/et_pb_blurb][et_pb_blurb title=\u00a0\u00bbAujourd\u2019hui\u00a0\u00bb image=\u00a0\u00bbhttps:\/\/berthet-vins.site\/wp-content\/uploads\/2020\/06\/Pressurage.jpg\u00a0\u00bb icon_placement=\u00a0\u00bbleft\u00a0\u00bb image_icon_width=\u00a0\u00bb200px\u00a0\u00bb content_max_width=\u00a0\u00bb500px\u00a0\u00bb admin_label=\u00a0\u00bbBlurb &#8211; blurb image 400 x 400px\u00a0\u00bb module_class=\u00a0\u00bbdd-timeline-event\u00a0\u00bb _builder_version=\u00a0\u00bb4.16&Prime; animation_direction=\u00a0\u00bbright\u00a0\u00bb animation=\u00a0\u00bboff\u00a0\u00bb image_max_width=\u00a0\u00bb200px\u00a0\u00bb global_colors_info=\u00a0\u00bb{}\u00a0\u00bb]<\/p>\n<p>Laurent BERTHET travaille sur diverses adaptations du mode de conduite des vignes afin d\u2019\u00e9largir les possibilit\u00e9s de m\u00e9canisation et d\u2019optimiser la qualit\u00e9. La vinification est \u00e9tudi\u00e9e pour exploiter au maximum le potentiel des vins.<\/p>\n<p>[\/et_pb_blurb][et_pb_blurb title=\u00a0\u00bbLe futur proche  \u00a0\u00bb icon_placement=\u00a0\u00bbleft\u00a0\u00bb image_icon_width=\u00a0\u00bb200px\u00a0\u00bb content_max_width=\u00a0\u00bb500px\u00a0\u00bb admin_label=\u00a0\u00bbBlurb &#8211; blurb image 400 x 400px\u00a0\u00bb module_class=\u00a0\u00bbdd-timeline-event\u00a0\u00bb _builder_version=\u00a0\u00bb4.16&Prime; animation_direction=\u00a0\u00bbright\u00a0\u00bb animation=\u00a0\u00bboff\u00a0\u00bb image_max_width=\u00a0\u00bb200px\u00a0\u00bb global_colors_info=\u00a0\u00bb{}\u00a0\u00bb]<\/p>\n<p><span>De nouveaux c\u00e9pages sont test\u00e9s sur le domaine et nous serons heureux de les pr\u00e9senter aux amateurs de vin dans quelques ann\u00e9es.<\/span><\/p>\n<p>[\/et_pb_blurb][\/et_pb_column][\/et_pb_row][\/et_pb_section]<\/p>\n","protected":false},"excerpt":{"rendered":"<p>Un peu d&rsquo;histoireDepuis huit si\u00e8cles d\u00e9j\u00e0, les plants de Lavaux baignent dans le soleil qui ondule sur les rives vertigineuses du lac L\u00e9man, abrit\u00e9s par la chaleur nocturne des murets de vigne, et combl\u00e9s par des sols de nature morainique et min\u00e9rale.L\u2019histoire du domaine d\u00e9bute dans les ann\u00e9es 70 : Jean-Pierre BERTHET, grand-p\u00e8re de Laurent, [&hellip;]<\/p>\n","protected":false},"author":1,"featured_media":0,"parent":0,"menu_order":0,"comment_status":"closed","ping_status":"closed","template":"","meta":{"_et_pb_use_builder":"on","_et_pb_old_content":"","_et_gb_content_width":"","footnotes":""},"class_list":["post-82","page","type-page","status-publish","hentry"],"_links":{"self":[{"href":"https:\/\/berthet-vins.ch\/fr\/wp-json\/wp\/v2\/pages\/82","targetHints":{"allow":["GET"]}}],"collection":[{"href":"https:\/\/berthet-vins.ch\/fr\/wp-json\/wp\/v2\/pages"}],"about":[{"href":"https:\/\/berthet-vins.ch\/fr\/wp-json\/wp\/v2\/types\/page"}],"author":[{"embeddable":true,"href":"https:\/\/berthet-vins.ch\/fr\/wp-json\/wp\/v2\/users\/1"}],"replies":[{"embeddable":true,"href":"https:\/\/berthet-vins.ch\/fr\/wp-json\/wp\/v2\/comments?post=82"}],"version-history":[{"count":28,"href":"https:\/\/berthet-vins.ch\/fr\/wp-json\/wp\/v2\/pages\/82\/revisions"}],"predecessor-version":[{"id":3832,"href":"https:\/\/berthet-vins.ch\/fr\/wp-json\/wp\/v2\/pages\/82\/revisions\/3832"}],"wp:attachment":[{"href":"https:\/\/berthet-vins.ch\/fr\/wp-json\/wp\/v2\/media?parent=82"}],"curies":[{"name":"wp","href":"https:\/\/api.w.org\/{rel}","templated":true}]}}