{"id":4429,"date":"2025-03-24T19:27:41","date_gmt":"2025-03-24T18:27:41","guid":{"rendered":"https:\/\/berthet-vins.ch\/?post_type=product&#038;p=4429"},"modified":"2025-03-24T19:41:51","modified_gmt":"2025-03-24T18:41:51","slug":"epesses-grand-cru-2018","status":"publish","type":"product","link":"https:\/\/berthet-vins.ch\/fr\/nos-vins\/epesses-grand-cru-2018\/","title":{"rendered":"Grand Mill\u00e9sime &#8211; Epesses 2018"},"content":{"rendered":"<div class=\"pa_content\">\n<div class=\"rte\">\n<div class=\"pa_content\">\n<div class=\"rte\">\n<div class=\"pa_content\">\n<div class=\"rte\">\n<h3>Le c\u00e9page:<\/h3>\n<p><a href=\"\/vignoble#cepages-blancs\"><strong>Chasselas<\/strong><\/a> \u00e0 rendement limit\u00e9, soigneusement s\u00e9lectionn\u00e9 parmi les parcelles les plus \u00e2g\u00e9es du domaine. Les bouteilles ont \u00e9t\u00e9 conserv\u00e9es quelques ann\u00e9es en cave afin de vous offrir un vin pleinement \u00e9panoui.<\/p>\n<h3>Le vin:<\/h3>\n<p>Cet Epesses \u00e0 la robe l\u00e9g\u00e8rement jaune r\u00e9v\u00e8le de complexes notes fruit\u00e9es et min\u00e9rales. Tilleul et pierre \u00e0 fusil s\u2019assemblent harmonieusement \u00e0 des parfums de maturation tels que la cire d&rsquo;abeille.<\/p>\n<p>Le palais s\u2019exprime par une attaque ample et un milieu de bouche puissant, tr\u00e8s bien balanc\u00e9 entre l\u2019acidit\u00e9 et la rondeur. Il se prolonge par une fine amertume min\u00e9rale et des ar\u00f4mes persistants.<\/p>\n<h3>T\u00b0 de service:<\/h3>\n<p>10 \u00e0 12 \u00b0C<\/p>\n<h3>Les accords:<\/h3>\n<p>Id\u00e9al pour accompagner le plateau de fromages lors d&rsquo;un grand repas.<\/p>\n<h3>Maturit\u00e9 id\u00e9ale:<\/h3>\n<p>D\u00e8s 2025<\/p>\n<h3>Conditionnement:<\/h3>\n<p>Bouteille 75 cl, fermeture \u00e0 bouchon<\/p>\n<\/div>\n<\/div>\n<\/div>\n<\/div>\n<\/div>\n<\/div>\n","protected":false},"excerpt":{"rendered":"<p>Chasselas<\/p>\n<p>Lavaux AOC<\/p>\n<p>Vin blanc<\/p>\n<p>75 cl &#8211; bouchon li\u00e8ge (DIAM)<\/p>\n<p>Label Or TERRAVIN<\/p>\n","protected":false},"featured_media":878,"template":"","meta":{"_et_pb_use_builder":"","_et_pb_old_content":"","_et_gb_content_width":""},"product_brand":[],"product_cat":[53],"product_tag":[79,58,74,76,75,60,77,78],"class_list":{"0":"post-4429","1":"product","2":"type-product","3":"status-publish","4":"has-post-thumbnail","6":"product_cat-vins-blancs","7":"product_tag-blanc","8":"product_tag-chasselas","9":"product_tag-epesses","10":"product_tag-fruite","11":"product_tag-grand-cru","12":"product_tag-lavaux","13":"product_tag-mineral","14":"product_tag-vin","16":"first","17":"instock","18":"shipping-taxable","19":"purchasable","20":"product-type-simple"},"_links":{"self":[{"href":"https:\/\/berthet-vins.ch\/fr\/wp-json\/wp\/v2\/product\/4429","targetHints":{"allow":["GET"]}}],"collection":[{"href":"https:\/\/berthet-vins.ch\/fr\/wp-json\/wp\/v2\/product"}],"about":[{"href":"https:\/\/berthet-vins.ch\/fr\/wp-json\/wp\/v2\/types\/product"}],"wp:featuredmedia":[{"embeddable":true,"href":"https:\/\/berthet-vins.ch\/fr\/wp-json\/wp\/v2\/media\/878"}],"wp:attachment":[{"href":"https:\/\/berthet-vins.ch\/fr\/wp-json\/wp\/v2\/media?parent=4429"}],"wp:term":[{"taxonomy":"product_brand","embeddable":true,"href":"https:\/\/berthet-vins.ch\/fr\/wp-json\/wp\/v2\/product_brand?post=4429"},{"taxonomy":"product_cat","embeddable":true,"href":"https:\/\/berthet-vins.ch\/fr\/wp-json\/wp\/v2\/product_cat?post=4429"},{"taxonomy":"product_tag","embeddable":true,"href":"https:\/\/berthet-vins.ch\/fr\/wp-json\/wp\/v2\/product_tag?post=4429"}],"curies":[{"name":"wp","href":"https:\/\/api.w.org\/{rel}","templated":true}]}}