{"id":860,"date":"2017-11-05T17:27:02","date_gmt":"2017-11-05T16:27:02","guid":{"rendered":"https:\/\/berthet-vins.site\/product\/chatelard-rose\/"},"modified":"2025-07-12T10:55:15","modified_gmt":"2025-07-12T08:55:15","slug":"chatelard-rose","status":"publish","type":"product","link":"https:\/\/berthet-vins.ch\/fr\/nos-vins\/chatelard-rose\/","title":{"rendered":"Ch\u00e2telard Ros\u00e9, Lavaux 2024"},"content":{"rendered":"<div class=\"pa_content\">\n<div class=\"rte\">\n<div class=\"pa_content\">\n<div class=\"rte\">\n<h3>Le C\u00e9page<\/h3>\n<p>Les raisins de Cabernet Jura et Pinot Noir subissent une br\u00e8ve mac\u00e9ration de quelques heures avant le pressurage, afin d&rsquo;apporter une touche color\u00e9e au vin.<\/p>\n<h3>Le vin<\/h3>\n<p>D\u2019une robe rose p\u00e2le aux reflets saumon\u00e9s, ce vin ros\u00e9 d\u00e9voile de belles senteurs \u00e0 la fois florales et fruit\u00e9es. Pivoine, framboise, g\u00e9ranium et narcisse dominent un nez o\u00f9 pointent aussi des facettes de melon et de fleur d\u2019oranger. Une fugace touche de cardamome laisse place \u00e0 un palais d\u2019abord soyeux puis rafraichissant, agr\u00e9ment\u00e9 d\u2019une longue persistance aromatique.<\/p>\n<h3>T\u00b0 de service<\/h3>\n<p>10 \u00e0 12 \u00b0C<\/p>\n<h3>Les accords<\/h3>\n<p>Un d\u00e9lice pour accompagner vos mets estivaux, plats exotiques, fruits de mer, carpaccio de boeuf.<\/p>\n<h3>Maturit\u00e9 id\u00e9ale<\/h3>\n<p>1 \u00e0 2 ans<\/p>\n<h3>Conditionnement<\/h3>\n<p>Bouteille 75 cl, fermeture \u00e0 vis<\/p>\n<\/div>\n<\/div>\n<\/div>\n<\/div>\n","protected":false},"excerpt":{"rendered":"<p>Vin ros\u00e9<\/p>\n<p>75 cl &#8211; capsule \u00e0 vis<\/p>\n","protected":false},"featured_media":857,"template":"","meta":{"_et_pb_use_builder":"off","_et_pb_old_content":"<div class=\"pa_content\">\r\n<div class=\"rte\">\r\n<div class=\"pa_content\">\r\n<div class=\"rte\">\r\n<h3>Le C\u00e9page<\/h3>\r\nLe c\u00e9page principal du Ch\u00e2telard ros\u00e9 est le <a href=\"\/vignoble#cepages-rouges\"><strong>Pinot Noir<\/strong><\/a>. Les raisins subissent une br\u00e8ve mac\u00e9ration de quelques heures avant le pressurage, afin d'apporter une touche color\u00e9e au vin.\r\n<h3>Le vin<\/h3>\r\nD\u2019une robe rose p\u00e2le aux reflets saumon\u00e9s, ce vin ros\u00e9 d\u00e9voile de belles senteurs \u00e0 la fois florales et fruit\u00e9es. Pivoine, framboise, g\u00e9ranium et narcisse dominent un nez o\u00f9 pointent aussi des facettes de melon et de fleur d\u2019oranger.\r\n\r\nUne fugace touche de cardamome laisse place \u00e0 un palais d\u2019abord soyeux puis rafraichissant, agr\u00e9ment\u00e9 d\u2019une longue persistance aromatique.\r\n<h3>T\u00b0 de service<\/h3>\r\n10 \u00e0 12 \u00b0C\r\n<h3>Les accords<\/h3>\r\nUn d\u00e9lice pour accompagner vos mets estivaux, plats exotiques, fruits de mer, carpaccio de boeuf.\r\n<h3>Maturit\u00e9 id\u00e9ale<\/h3>\r\n1 \u00e0 2 ans\r\n<h3>Conditionnement<\/h3>\r\nBouteille 75 cl, fermeture \u00e0 vis\r\n\r\n<\/div>\r\n<\/div>\r\n<\/div>\r\n<\/div>","_et_gb_content_width":""},"product_brand":[],"product_cat":[54],"product_tag":[63,57,60,64,62,61],"class_list":{"0":"post-860","1":"product","2":"type-product","3":"status-publish","4":"has-post-thumbnail","6":"product_cat-vins-roses","7":"product_tag-aromes","8":"product_tag-chatelard","9":"product_tag-lavaux","10":"product_tag-palais","11":"product_tag-robe","12":"product_tag-vin-rose","14":"first","15":"instock","16":"shipping-taxable","17":"purchasable","18":"product-type-simple"},"_links":{"self":[{"href":"https:\/\/berthet-vins.ch\/fr\/wp-json\/wp\/v2\/product\/860","targetHints":{"allow":["GET"]}}],"collection":[{"href":"https:\/\/berthet-vins.ch\/fr\/wp-json\/wp\/v2\/product"}],"about":[{"href":"https:\/\/berthet-vins.ch\/fr\/wp-json\/wp\/v2\/types\/product"}],"wp:featuredmedia":[{"embeddable":true,"href":"https:\/\/berthet-vins.ch\/fr\/wp-json\/wp\/v2\/media\/857"}],"wp:attachment":[{"href":"https:\/\/berthet-vins.ch\/fr\/wp-json\/wp\/v2\/media?parent=860"}],"wp:term":[{"taxonomy":"product_brand","embeddable":true,"href":"https:\/\/berthet-vins.ch\/fr\/wp-json\/wp\/v2\/product_brand?post=860"},{"taxonomy":"product_cat","embeddable":true,"href":"https:\/\/berthet-vins.ch\/fr\/wp-json\/wp\/v2\/product_cat?post=860"},{"taxonomy":"product_tag","embeddable":true,"href":"https:\/\/berthet-vins.ch\/fr\/wp-json\/wp\/v2\/product_tag?post=860"}],"curies":[{"name":"wp","href":"https:\/\/api.w.org\/{rel}","templated":true}]}}