{"id":876,"date":"2017-11-05T17:33:50","date_gmt":"2017-11-05T16:33:50","guid":{"rendered":"https:\/\/berthet-vins.site\/product\/mara\/"},"modified":"2025-07-04T15:54:33","modified_gmt":"2025-07-04T13:54:33","slug":"mara","status":"publish","type":"product","link":"https:\/\/berthet-vins.ch\/fr\/nos-vins\/mara\/","title":{"rendered":"Mara, Villette 2024"},"content":{"rendered":"<div class=\"pa_content\">\n<div class=\"rte\">\n<div class=\"pa_content\">\n<div class=\"rte\">\n<div class=\"pa_content\">\n<div class=\"rte\">\n<h3>Le c\u00e9page:<\/h3>\n<p>Le c\u00e9page suisse <strong><a href=\"\/vignoble#cepages-rouges\">Mara<\/a><\/strong>, dernier-n\u00e9 de l&rsquo;Agroscope ACW, est un croisement de Gamay et de Reichensteiner, tout comme ses cousins Gamaret et Garanoir.<\/p>\n<h3>Le vin:<\/h3>\n<p>D\u00e9voilant une robe rouge profonde aux nuances violac\u00e9es, ce Mara exhale un bouquet \u00e0 dominante principalement fruit\u00e9e. M\u00fbre, cerise, cassis et pruneau pr\u00e9c\u00e8dent l\u2019origan, la muscade et le lierre.<\/p>\n<p>Le palais, joliment structur\u00e9 par des tanins fermes et persistants, laisse entrevoir des ar\u00f4mes fruit\u00e9e et bois\u00e9s o\u00f9 la m\u00fbre s\u2019associe harmonieusement \u00e0 la mousse de ch\u00eane.<\/p>\n<h3>Accord:<\/h3>\n<p>Partenaire id\u00e9al des viandes r\u00f4ties et des plats italiens.<\/p>\n<h3>T\u00b0 de service:<\/h3>\n<p>14 \u00e0 18 \u00b0C<\/p>\n<h3>Maturit\u00e9 id\u00e9ale:<\/h3>\n<p>2 \u00e0 3 ans<\/p>\n<h3>Conditionnement:<\/h3>\n<p>Bouteille 75cl, fermeture li\u00e8ge (DIAM)<\/p>\n<\/div>\n<\/div>\n<\/div>\n<\/div>\n<\/div>\n<\/div>\n","protected":false},"excerpt":{"rendered":"<p>Lavaux AOC<\/p>\n<p>Vin rouge<\/p>\n<p>75 cl &#8211; bouchon li\u00e8ge (Diam)<\/p>\n","protected":false},"featured_media":873,"template":"","meta":{"_et_pb_use_builder":"on","_et_pb_old_content":"<div class=\"pa_content\">\r\n<div class=\"rte\">\r\n<div class=\"pa_content\">\r\n<div class=\"rte\">\r\n<div class=\"pa_content\">\r\n<div class=\"rte\">\r\n<h3>Le c\u00e9page:<\/h3>\r\nLe c\u00e9page suisse <strong><a href=\"\/vignoble#cepages-rouges\">Mara<\/a><\/strong>, dernier-n\u00e9 de l'Agroscope ACW, est un croisement de Gamay et de Reichensteiner, tout comme ses cousins Gamaret et Garanoir.\r\n<h3>Le vin:<\/h3>\r\nD\u00e9voilant une robe rouge profonde aux nuances violac\u00e9es, ce Mara exhale un bouquet \u00e0 dominante principalement fruit\u00e9e. M\u00fbre, cerise, cassis et pruneau pr\u00e9c\u00e8dent l\u2019origan, la muscade et le lierre.\r\n\r\nLe palais, joliment structur\u00e9 par des tanins fermes et persistants, laisse entrevoir des ar\u00f4mes fruit\u00e9e et bois\u00e9s o\u00f9 la m\u00fbre s\u2019associe harmonieusement \u00e0 la mousse de ch\u00eane.\r\n<h3>Accord:<\/h3>\r\nPartenaire id\u00e9al des viandes r\u00f4ties et des plats italiens.\r\n<h3>T\u00b0 de service:<\/h3>\r\n14 \u00e0 18 \u00b0C\r\n<h3>Maturit\u00e9 id\u00e9ale:<\/h3>\r\n2 \u00e0 3 ans\r\n<h3>Conditionnement:<\/h3>\r\nBouteille 75cl, fermeture li\u00e8ge (DIAM)\r\n\r\n<\/div>\r\n<\/div>\r\n<\/div>\r\n<\/div>\r\n<\/div>\r\n<\/div>","_et_gb_content_width":""},"product_brand":[],"product_cat":[55],"product_tag":[69,72,70,73,60,68,71,59,67],"class_list":{"0":"post-876","1":"product","2":"type-product","3":"status-publish","4":"has-post-thumbnail","6":"product_cat-vins-rouges","7":"product_tag-cepage","8":"product_tag-gamaret","9":"product_tag-gamay","10":"product_tag-garanoir","11":"product_tag-lavaux","12":"product_tag-mara","13":"product_tag-reichensteiner","14":"product_tag-villette","15":"product_tag-vin-rouge","17":"first","18":"instock","19":"shipping-taxable","20":"purchasable","21":"product-type-simple"},"_links":{"self":[{"href":"https:\/\/berthet-vins.ch\/fr\/wp-json\/wp\/v2\/product\/876","targetHints":{"allow":["GET"]}}],"collection":[{"href":"https:\/\/berthet-vins.ch\/fr\/wp-json\/wp\/v2\/product"}],"about":[{"href":"https:\/\/berthet-vins.ch\/fr\/wp-json\/wp\/v2\/types\/product"}],"wp:featuredmedia":[{"embeddable":true,"href":"https:\/\/berthet-vins.ch\/fr\/wp-json\/wp\/v2\/media\/873"}],"wp:attachment":[{"href":"https:\/\/berthet-vins.ch\/fr\/wp-json\/wp\/v2\/media?parent=876"}],"wp:term":[{"taxonomy":"product_brand","embeddable":true,"href":"https:\/\/berthet-vins.ch\/fr\/wp-json\/wp\/v2\/product_brand?post=876"},{"taxonomy":"product_cat","embeddable":true,"href":"https:\/\/berthet-vins.ch\/fr\/wp-json\/wp\/v2\/product_cat?post=876"},{"taxonomy":"product_tag","embeddable":true,"href":"https:\/\/berthet-vins.ch\/fr\/wp-json\/wp\/v2\/product_tag?post=876"}],"curies":[{"name":"wp","href":"https:\/\/api.w.org\/{rel}","templated":true}]}}