{"id":884,"date":"2017-11-05T17:41:03","date_gmt":"2017-11-05T16:41:03","guid":{"rendered":"https:\/\/berthet-vins.site\/product\/epesses-vieilles-vignes\/"},"modified":"2025-06-20T14:35:00","modified_gmt":"2025-06-20T12:35:00","slug":"epesses-vieilles-vignes","status":"publish","type":"product","link":"https:\/\/berthet-vins.ch\/fr\/nos-vins\/epesses-vieilles-vignes\/","title":{"rendered":"Epesses Grand cru 2024"},"content":{"rendered":"<div class=\"pa_content\">\n<div class=\"rte\">\n<div class=\"pa_content\">\n<div class=\"rte\">\n<div class=\"pa_content\">\n<div class=\"rte\">\n<h3>Le c\u00e9page:<\/h3>\n<p><a href=\"\/vignoble#cepages-blancs\"><strong>Chasselas<\/strong><\/a> \u00e0 rendement limit\u00e9, soigneusement s\u00e9lectionn\u00e9 parmi les parcelles les plus \u00e2g\u00e9es du domaine. Le Chasselas, exclusivement cultiv\u00e9 dans l&rsquo;arc l\u00e9manique et la vall\u00e9e du Rh\u00f4ne, a trouv\u00e9 sur nos pentes abruptes et parfaitement expos\u00e9es un terrain de pr\u00e9dilection. Il occupe la majorit\u00e9 de la surface \u00e0 Lavaux.<\/p>\n<h3>Le vin:<\/h3>\n<p>Cet Epesses \u00e0 la robe jaune p\u00e2le r\u00e9v\u00e8le d\u2019intenses et complexes notes fruit\u00e9es et min\u00e9rales. Citron, pomme verte, figue et pierre \u00e0 fusil s\u2019assemblent harmonieusement \u00e0 d\u2019autres parfums comme la jacinthe, la banane m\u00fbre et l\u2019aub\u00e9pine.<\/p>\n<p>Le palais s\u2019exprime par une attaque ample et un milieu de bouche puissant tr\u00e8s bien balanc\u00e9 entre l\u2019acidit\u00e9 et la rondeur. Il se prolonge par une fine amertume et des ar\u00f4mes persistant de citron, marins et de pierre \u00e0 fusil.<\/p>\n<h3>T\u00b0 de service:<\/h3>\n<p>10 \u00e0 12 \u00b0C<\/p>\n<h3>Les accords:<\/h3>\n<p>Id\u00e9al en ap\u00e9ritif, ce vin convivial est parfait pour accompagner les plats \u00e0 base de fromage. En outre il se marie \u00e0 merveille avec les poissons d&rsquo;eau douce.<\/p>\n<h3>Maturit\u00e9 id\u00e9ale:<\/h3>\n<p>1 \u00e0 2 ans<\/p>\n<h3>Conditionnement:<\/h3>\n<p>Bouteille 75 cl, fermeture \u00e0 vis<\/p>\n<\/div>\n<\/div>\n<\/div>\n<\/div>\n<\/div>\n<\/div>\n","protected":false},"excerpt":{"rendered":"<p>Chasselas Vieilles vignes<\/p>\n<p>Lavaux AOC<\/p>\n<p>Vin blanc<\/p>\n<p>75 cl &#8211; fermeture \u00e0 vis<\/p>\n<p>Label Or TERRAVIN<\/p>\n","protected":false},"featured_media":878,"template":"","meta":{"_et_pb_use_builder":"","_et_pb_old_content":"","_et_gb_content_width":""},"product_brand":[],"product_cat":[53],"product_tag":[79,58,74,76,75,60,77,78],"class_list":{"0":"post-884","1":"product","2":"type-product","3":"status-publish","4":"has-post-thumbnail","6":"product_cat-vins-blancs","7":"product_tag-blanc","8":"product_tag-chasselas","9":"product_tag-epesses","10":"product_tag-fruite","11":"product_tag-grand-cru","12":"product_tag-lavaux","13":"product_tag-mineral","14":"product_tag-vin","16":"first","17":"instock","18":"shipping-taxable","19":"purchasable","20":"product-type-simple"},"_links":{"self":[{"href":"https:\/\/berthet-vins.ch\/fr\/wp-json\/wp\/v2\/product\/884","targetHints":{"allow":["GET"]}}],"collection":[{"href":"https:\/\/berthet-vins.ch\/fr\/wp-json\/wp\/v2\/product"}],"about":[{"href":"https:\/\/berthet-vins.ch\/fr\/wp-json\/wp\/v2\/types\/product"}],"wp:featuredmedia":[{"embeddable":true,"href":"https:\/\/berthet-vins.ch\/fr\/wp-json\/wp\/v2\/media\/878"}],"wp:attachment":[{"href":"https:\/\/berthet-vins.ch\/fr\/wp-json\/wp\/v2\/media?parent=884"}],"wp:term":[{"taxonomy":"product_brand","embeddable":true,"href":"https:\/\/berthet-vins.ch\/fr\/wp-json\/wp\/v2\/product_brand?post=884"},{"taxonomy":"product_cat","embeddable":true,"href":"https:\/\/berthet-vins.ch\/fr\/wp-json\/wp\/v2\/product_cat?post=884"},{"taxonomy":"product_tag","embeddable":true,"href":"https:\/\/berthet-vins.ch\/fr\/wp-json\/wp\/v2\/product_tag?post=884"}],"curies":[{"name":"wp","href":"https:\/\/api.w.org\/{rel}","templated":true}]}}