{"id":903,"date":"2017-11-05T17:53:45","date_gmt":"2017-11-05T16:53:45","guid":{"rendered":"https:\/\/berthet-vins.site\/product\/galaurus-assemblage\/"},"modified":"2025-11-29T10:46:21","modified_gmt":"2025-11-29T09:46:21","slug":"galaurus-assemblage","status":"publish","type":"product","link":"https:\/\/berthet-vins.ch\/fr\/nos-vins\/galaurus-assemblage\/","title":{"rendered":"Galaurus, Villette Grand cru, 2023"},"content":{"rendered":"<div class=\"pa_content\">\n<div class=\"rte\">\n<div class=\"pa_content\">\n<div class=\"rte\">\n<div class=\"pa_content\">\n<div class=\"rte\">\n<div class=\"pa_content\">\n<div class=\"rte\">\n<div class=\"pa_content\">\n<div class=\"rte\">\n<h3>Les c\u00e9pages:<\/h3>\n<p><a href=\"\/vignoble#cepages-rouges\"><strong>Cabernet dorsa<\/strong><\/a> et\u00a0<a href=\"\/vignoble#cepages-rouges\"><strong>Galotta<\/strong><\/a> (Gamay x Ancellota), issus de vignes \u00e0 faible rendement. Le vin est \u00e9lev\u00e9 deux ans en f\u00fbts de ch\u00eane de 225 litres.<\/p>\n<h3>Le vin:<\/h3>\n<p>Cet assemblage de deux c\u00e9pages r\u00e9v\u00e8le une robe rouge intense agr\u00e9ment\u00e9e de reflets bordeaux.<\/p>\n<p>Puissant et complexe, son nez s\u2019exprime par des notes fruit\u00e9es et bois\u00e9es comme le cassis, la m\u00fbre, la griotte, le ch\u00eane ou le bois de santal. Cacao, vanille, noisette et tabac brun compl\u00e8tent un nez richement dot\u00e9 o\u00f9 pointent encore des facettes d\u2019orange et de tourbe.<\/p>\n<p>Une discr\u00e8te amertume souligne une bouche puissante et concentr\u00e9e dot\u00e9e d\u2019une longue persistance aromatique.<\/p>\n<h3>T\u00b0 de service:<\/h3>\n<p>14 \u00e0 18 \u00b0C<\/p>\n<h3>Accords:<\/h3>\n<p>Viandes rouges, chasse, fromages forts.<\/p>\n<h3>Maturit\u00e9 id\u00e9ale:<\/h3>\n<p>3 \u00e0 5 ans<\/p>\n<h3>Conditionnement:<\/h3>\n<p>Bouteille 75 cl, bouchon li\u00e8ge<\/p>\n<\/div>\n<\/div>\n<\/div>\n<\/div>\n<\/div>\n<\/div>\n<\/div>\n<\/div>\n<\/div>\n<\/div>\n","protected":false},"excerpt":{"rendered":"<p>Lavaux AOC<\/p>\n<p>Vin rouge<\/p>\n<p>75 cl &#8211; bouchon li\u00e8ge<\/p>\n","protected":false},"featured_media":900,"template":"","meta":{"_et_pb_use_builder":"","_et_pb_old_content":"","_et_gb_content_width":""},"product_brand":[],"product_cat":[55],"product_tag":[93,94,99,95,92,96,75,60,98,97,59],"class_list":{"0":"post-903","1":"product","2":"type-product","3":"status-publish","4":"has-post-thumbnail","6":"product_cat-vins-rouges","7":"product_tag-assemblage","8":"product_tag-cabernet","9":"product_tag-complexe","10":"product_tag-dorsa","11":"product_tag-galaurus","12":"product_tag-galotta","13":"product_tag-grand-cru","14":"product_tag-lavaux","15":"product_tag-puissant","16":"product_tag-saint-laurent","17":"product_tag-villette","19":"first","20":"instock","21":"shipping-taxable","22":"purchasable","23":"product-type-simple"},"_links":{"self":[{"href":"https:\/\/berthet-vins.ch\/fr\/wp-json\/wp\/v2\/product\/903","targetHints":{"allow":["GET"]}}],"collection":[{"href":"https:\/\/berthet-vins.ch\/fr\/wp-json\/wp\/v2\/product"}],"about":[{"href":"https:\/\/berthet-vins.ch\/fr\/wp-json\/wp\/v2\/types\/product"}],"wp:featuredmedia":[{"embeddable":true,"href":"https:\/\/berthet-vins.ch\/fr\/wp-json\/wp\/v2\/media\/900"}],"wp:attachment":[{"href":"https:\/\/berthet-vins.ch\/fr\/wp-json\/wp\/v2\/media?parent=903"}],"wp:term":[{"taxonomy":"product_brand","embeddable":true,"href":"https:\/\/berthet-vins.ch\/fr\/wp-json\/wp\/v2\/product_brand?post=903"},{"taxonomy":"product_cat","embeddable":true,"href":"https:\/\/berthet-vins.ch\/fr\/wp-json\/wp\/v2\/product_cat?post=903"},{"taxonomy":"product_tag","embeddable":true,"href":"https:\/\/berthet-vins.ch\/fr\/wp-json\/wp\/v2\/product_tag?post=903"}],"curies":[{"name":"wp","href":"https:\/\/api.w.org\/{rel}","templated":true}]}}