{"id":916,"date":"2017-11-05T18:01:54","date_gmt":"2017-11-05T17:01:54","guid":{"rendered":"https:\/\/berthet-vins.site\/product\/grains-d-amour\/"},"modified":"2025-11-29T10:45:32","modified_gmt":"2025-11-29T09:45:32","slug":"grains-d-amour","status":"publish","type":"product","link":"https:\/\/berthet-vins.ch\/fr\/nos-vins\/grains-d-amour\/","title":{"rendered":"Grains d&rsquo;Amour, Villette Grand cru, 2025"},"content":{"rendered":"<div class=\"pa_content\">\n<div class=\"rte\">\n<div class=\"pa_content\">\n<div class=\"rte\">\n<div class=\"pa_content\">\n<div class=\"rte\">\n<div class=\"pa_content\">\n<div class=\"rte\">\n<div class=\"primary_block row\">\n<div class=\"pb-center-column col-xs-12 col-sm-5 col-md-5 \">\n<div id=\"right_more_info_block\">\n<div id=\"more_info_block\" class=\"mar_b2\">\n<div id=\"more_info_sheets\" class=\"sheets align_justify\">\n<div id=\"idTab1\" class=\"rte product_accordion open\">\n<div class=\"pa_content\">\n<div class=\"rte\">\n<h3>Le c\u00e9page:<\/h3>\n<p>Le c\u00e9page du Grains d&rsquo;Amour est le <a href=\"\/vignoble#cepages-blancs\"><strong>Muscat Oliver<\/strong><\/a>, vari\u00e9t\u00e9 tr\u00e8s aromatique et pr\u00e9coce originaire de Hongrie. La vendange est plac\u00e9e en caissettes ajour\u00e9es, puis passerill\u00e9e afin d&rsquo;obtenir un mo\u00fbt tr\u00e8s concentr\u00e9.<\/p>\n<h3>Le vin:<\/h3>\n<p>Ce Muscat d\u00e9voile une robe jaune profond aux reflets dor\u00e9s et finement bleut\u00e9s. Son bouquet, d\u2019une intensit\u00e9 rare, laisse pr\u00e9dominer des notes florales et fruit\u00e9es telles que la rose, la fleur de sureau, le litchi, la mangue et l\u2019orange confite. Cire d\u2019abeille, f\u00e8ve tonka et verveine ne sont pas en reste, tout comme une fine facette de pin tout en fraicheur introduisant une bouche concentr\u00e9e et moelleuse dot\u00e9e d\u2019une longue et complexe persistance aromatique.<\/p>\n<h3>T\u00b0 de service:<\/h3>\n<p>10 \u00e0 12 \u00b0C<\/p>\n<h3>Les accords:<\/h3>\n<p>Foie gras, desserts.<\/p>\n<h3>Maturit\u00e9 id\u00e9ale:<\/h3>\n<p>2 \u00e0 3 ans<\/p>\n<h3>Conditionnement:<\/h3>\n<p>Bouteille 37.5 cl, bouchon li\u00e8ge DIAM<\/p>\n<\/div>\n<\/div>\n<\/div>\n<\/div>\n<\/div>\n<\/div>\n<\/div>\n<div class=\"pb-right-column col-xs-12 col-sm-3 col-md-3\"><\/div>\n<\/div>\n<\/div>\n<\/div>\n<\/div>\n<\/div>\n<\/div>\n<\/div>\n<\/div>\n<\/div>\n","protected":false},"excerpt":{"rendered":"<p>Lavaux AOC<\/p>\n<p>Vin doux aromatique<\/p>\n<p>37.5 cl &#8211; bouchon li\u00e8ge (DIAM)<\/p>\n","protected":false},"featured_media":910,"template":"","meta":{"_et_pb_use_builder":"off","_et_pb_old_content":"<div class=\"pa_content\">\r\n<div class=\"rte\">\r\n<div class=\"pa_content\">\r\n<div class=\"rte\">\r\n<div class=\"pa_content\">\r\n<div class=\"rte\">\r\n<div class=\"pa_content\">\r\n<div class=\"rte\">\r\n<div class=\"primary_block row\">\r\n<div class=\"pb-center-column col-xs-12 col-sm-5 col-md-5 \">\r\n<div id=\"right_more_info_block\">\r\n<div id=\"more_info_block\" class=\"mar_b2\">\r\n<div id=\"more_info_sheets\" class=\"sheets align_justify\">\r\n<div id=\"idTab1\" class=\"rte product_accordion open\">\r\n<div class=\"pa_content\">\r\n<div class=\"rte\">\r\n<h3>Le c\u00e9page:<\/h3>\r\nLe c\u00e9page du Grains d'Amour est le <a href=\"fr\/domaine\/vignoble\"><strong>Muscat Oliver<\/strong><\/a>, vari\u00e9t\u00e9 tr\u00e8s aromatique et pr\u00e9coce originaire de Hongrie. La vendange est plac\u00e9e en caissettes ajour\u00e9es, puis passerill\u00e9e afin d'obtenir un mo\u00fbt tr\u00e8s concentr\u00e9.\r\n<h3>Le vin:<\/h3>\r\nCe Muscat d\u00e9voile une robe jaune profond aux reflets dor\u00e9s et finement bleut\u00e9s.\r\n\r\nSon bouquet, d\u2019une intensit\u00e9 rare, laisse pr\u00e9dominer des notes florales et fruit\u00e9es telles que la rose, la fleur de sureau, le litchi, la mangue et l\u2019orange confite. Cire d\u2019abeille, f\u00e8ve tonka et verveine ne sont pas en reste, tout comme une fine facette de pin tout en fraicheur introduisant une bouche concentr\u00e9e et moelleuse dot\u00e9e d\u2019une longue et complexe persistance aromatique.\r\n<h3>T\u00b0 de service:<\/h3>\r\n10 \u00e0 12 \u00b0C\r\n<h3>Les accords:<\/h3>\r\nFoie gras, desserts.\r\n<h3>Maturit\u00e9 id\u00e9ale:<\/h3>\r\n2 \u00e0 3 ans\r\n<h3>Conditionnement:<\/h3>\r\nBouteille 37.5 cl, bouchon li\u00e8ge DIAM\r\n\r\n<\/div>\r\n<\/div>\r\n<\/div>\r\n<\/div>\r\n<\/div>\r\n<\/div>\r\n<\/div>\r\n<div class=\"pb-right-column col-xs-12 col-sm-3 col-md-3\"><\/div>\r\n<\/div>\r\n<\/div>\r\n<\/div>\r\n<\/div>\r\n<\/div>\r\n<\/div>\r\n<\/div>\r\n<\/div>\r\n<\/div>","_et_gb_content_width":""},"product_brand":[],"product_cat":[53],"product_tag":[106,107,105,110,83,111,103,104,108,109,78],"class_list":{"0":"post-916","1":"product","2":"type-product","3":"status-publish","4":"has-post-thumbnail","6":"product_cat-vins-blancs","7":"product_tag-aromatique","8":"product_tag-dessert","9":"product_tag-doux","10":"product_tag-fleur","11":"product_tag-intense","12":"product_tag-litchi","13":"product_tag-muscat","14":"product_tag-oliver","15":"product_tag-rose","16":"product_tag-sureau","17":"product_tag-vin","19":"first","20":"instock","21":"shipping-taxable","22":"purchasable","23":"product-type-simple"},"_links":{"self":[{"href":"https:\/\/berthet-vins.ch\/fr\/wp-json\/wp\/v2\/product\/916","targetHints":{"allow":["GET"]}}],"collection":[{"href":"https:\/\/berthet-vins.ch\/fr\/wp-json\/wp\/v2\/product"}],"about":[{"href":"https:\/\/berthet-vins.ch\/fr\/wp-json\/wp\/v2\/types\/product"}],"wp:featuredmedia":[{"embeddable":true,"href":"https:\/\/berthet-vins.ch\/fr\/wp-json\/wp\/v2\/media\/910"}],"wp:attachment":[{"href":"https:\/\/berthet-vins.ch\/fr\/wp-json\/wp\/v2\/media?parent=916"}],"wp:term":[{"taxonomy":"product_brand","embeddable":true,"href":"https:\/\/berthet-vins.ch\/fr\/wp-json\/wp\/v2\/product_brand?post=916"},{"taxonomy":"product_cat","embeddable":true,"href":"https:\/\/berthet-vins.ch\/fr\/wp-json\/wp\/v2\/product_cat?post=916"},{"taxonomy":"product_tag","embeddable":true,"href":"https:\/\/berthet-vins.ch\/fr\/wp-json\/wp\/v2\/product_tag?post=916"}],"curies":[{"name":"wp","href":"https:\/\/api.w.org\/{rel}","templated":true}]}}